{"id":11501,"date":"2025-06-26T03:26:23","date_gmt":"2025-06-26T01:26:23","guid":{"rendered":"https:\/\/streetkicksco.com\/?post_type=product&#038;p=11501"},"modified":"2026-03-11T17:43:36","modified_gmt":"2026-03-11T16:43:36","slug":"adidas-sl-72-rs-off-white-wonder-white","status":"publish","type":"product","link":"https:\/\/streetkicksco.com\/de\/shop\/adidas-sl-72-rs-off-white-wonder-white\/","title":{"rendered":"Adidas SL 72 RS Off White Wonder White"},"content":{"rendered":"<p>Las Adidas SL 72 RS Off White Wonder White reinterpretan la ic\u00f3nica silueta de 1972 con un enfoque limpio y moderno. Su parte superior combina nylon ligero y gamuza de alta calidad, manteniendo la est\u00e9tica vintage que caracteriza a la l\u00ednea SL 72.<\/p>\n<p>Con una entresuela de EVA que garantiza comodidad y ligereza, y una suela de goma que proporciona buen agarre, estas zapatillas Adidas blancas retro son perfectas para el d\u00eda a d\u00eda. Los tonos neutros Off White y Wonder White aportan un estilo minimalista que se adapta f\u00e1cilmente a cualquier outfit.<\/p>\n<p>Unas sneakers esenciales para los amantes de la moda urbana que buscan unas zapatillas vers\u00e1tiles, con dise\u00f1o retro y acabados premium.<\/p>\n","protected":false},"excerpt":{"rendered":"<p>Las Adidas SL 72 RS Off White Wonder White reinterpretan la ic\u00f3nica silueta de 1972 con un enfoque&hellip;<\/p>\n","protected":false},"featured_media":11514,"template":"","meta":[],"product_cat":[35,528],"product_tag":[529,829,832,831,830,833],"class_list":{"0":"post-11501","1":"product","2":"type-product","3":"status-publish","4":"has-post-thumbnail","6":"product_cat-adidas","7":"product_cat-adidas-sl-72-og","8":"product_tag-adidas-sl-72-og-leopard-print-womens","9":"product_tag-adidas-sl-72-rs-off-white","10":"product_tag-adidas-sl-72-wonder-white-mujer-hombre","11":"product_tag-sneakers-minimalistas-adidas","12":"product_tag-zapatillas-adidas-blancas-retro","13":"product_tag-zapatillas-retro-con-estilo-moderno","14":"pa_talla-eu-56","15":"pa_talla-eu-39","16":"pa_talla-eu-40","17":"pa_talla-eu-41","18":"pa_talla-eu-42","19":"pa_talla-eu-43","20":"pa_talla-eu-44","21":"pa_talla-eu-45","22":"pa_talla-eu-46","23":"pa_talla-eu-47","25":"first","26":"instock","27":"sale","28":"shipping-taxable","29":"purchasable","30":"product-type-variable"},"_links":{"self":[{"href":"https:\/\/streetkicksco.com\/de\/wp-json\/wp\/v2\/product\/11501","targetHints":{"allow":["GET"]}}],"collection":[{"href":"https:\/\/streetkicksco.com\/de\/wp-json\/wp\/v2\/product"}],"about":[{"href":"https:\/\/streetkicksco.com\/de\/wp-json\/wp\/v2\/types\/product"}],"version-history":[{"count":0,"href":"https:\/\/streetkicksco.com\/de\/wp-json\/wp\/v2\/product\/11501\/revisions"}],"wp:featuredmedia":[{"embeddable":true,"href":"https:\/\/streetkicksco.com\/de\/wp-json\/wp\/v2\/media\/11514"}],"wp:attachment":[{"href":"https:\/\/streetkicksco.com\/de\/wp-json\/wp\/v2\/media?parent=11501"}],"wp:term":[{"taxonomy":"product_cat","embeddable":true,"href":"https:\/\/streetkicksco.com\/de\/wp-json\/wp\/v2\/product_cat?post=11501"},{"taxonomy":"product_tag","embeddable":true,"href":"https:\/\/streetkicksco.com\/de\/wp-json\/wp\/v2\/product_tag?post=11501"}],"curies":[{"name":"wp","href":"https:\/\/api.w.org\/{rel}","templated":true}]}}