{"id":1217,"date":"2025-02-22T21:43:11","date_gmt":"2025-02-22T21:43:11","guid":{"rendered":"https:\/\/streetkicksco.com\/producto\/adidas-handball-spezial-night-indigo\/"},"modified":"2026-03-11T17:44:10","modified_gmt":"2026-03-11T16:44:10","slug":"adidas-handball-spezial-night-indigo","status":"publish","type":"product","link":"https:\/\/streetkicksco.com\/de\/shop\/adidas-handball-spezial-night-indigo\/","title":{"rendered":"adidas Handball Spezial &#8218;Night Indigo&#8216;"},"content":{"rendered":"<p>[presto_player id=7192]<\/p>\n<p>Revive la leyenda de los 70s con estas zapatillas ic\u00f3nicas. Dise\u00f1o retro elevado a la m\u00e1xima expresi\u00f3n: ante premium, detalles en contraste y la legendaria silueta que conquist\u00f3 las pistas. Comodidad atemporal que fusiona el esp\u00edritu deportivo con el estilo urbano actual. El cl\u00e1sico reinventado que todo sneakerhead necesita en su colecci\u00f3n.<\/p>\n","protected":false},"excerpt":{"rendered":"<p>[presto_player id=7192] Revive la leyenda de los 70s con estas zapatillas ic\u00f3nicas. Dise\u00f1o retro elevado a la m\u00e1xima&hellip;<\/p>\n","protected":false},"featured_media":1214,"template":"","meta":[],"product_cat":[35,36,53,37],"product_tag":[109,59],"class_list":{"0":"post-1217","1":"product","2":"type-product","3":"status-publish","4":"has-post-thumbnail","6":"product_cat-adidas","7":"product_cat-adidas-handball-spezial","8":"product_cat-calzado","9":"product_cat-accessories","10":"product_tag-adidas-handball-spezial-navy-gum","11":"product_tag-spezial","12":"pa_talla-eu-56","13":"pa_talla-eu-39","14":"pa_talla-eu-40","15":"pa_talla-eu-41","16":"pa_talla-eu-42","17":"pa_talla-eu-43","18":"pa_talla-eu-44","19":"pa_talla-eu-45","20":"pa_talla-eu-46","21":"pa_talla-eu-47","22":"pa_talla-eu-48","24":"first","25":"instock","26":"sale","27":"shipping-taxable","28":"purchasable","29":"product-type-variable"},"_links":{"self":[{"href":"https:\/\/streetkicksco.com\/de\/wp-json\/wp\/v2\/product\/1217","targetHints":{"allow":["GET"]}}],"collection":[{"href":"https:\/\/streetkicksco.com\/de\/wp-json\/wp\/v2\/product"}],"about":[{"href":"https:\/\/streetkicksco.com\/de\/wp-json\/wp\/v2\/types\/product"}],"version-history":[{"count":0,"href":"https:\/\/streetkicksco.com\/de\/wp-json\/wp\/v2\/product\/1217\/revisions"}],"wp:featuredmedia":[{"embeddable":true,"href":"https:\/\/streetkicksco.com\/de\/wp-json\/wp\/v2\/media\/1214"}],"wp:attachment":[{"href":"https:\/\/streetkicksco.com\/de\/wp-json\/wp\/v2\/media?parent=1217"}],"wp:term":[{"taxonomy":"product_cat","embeddable":true,"href":"https:\/\/streetkicksco.com\/de\/wp-json\/wp\/v2\/product_cat?post=1217"},{"taxonomy":"product_tag","embeddable":true,"href":"https:\/\/streetkicksco.com\/de\/wp-json\/wp\/v2\/product_tag?post=1217"}],"curies":[{"name":"wp","href":"https:\/\/api.w.org\/{rel}","templated":true}]}}