{"id":13600,"date":"2025-07-18T09:47:25","date_gmt":"2025-07-18T07:47:25","guid":{"rendered":"https:\/\/streetkicksco.com\/?post_type=product&#038;p=13600"},"modified":"2026-03-11T14:44:20","modified_gmt":"2026-03-11T13:44:20","slug":"asics-gel-kayano-kayano-14-jasper-green-2","status":"publish","type":"product","link":"https:\/\/streetkicksco.com\/de\/shop\/asics-gel-kayano-kayano-14-jasper-green-2\/","title":{"rendered":"Asics Gel Kayano Kayano 14 Jasper Green"},"content":{"rendered":"<p>Conoce las ic\u00f3nicas zapatillas Asics Gel Kayano Kayano 14 Jasper Green. dise\u00f1adas para ofrecer confort durante todo el d\u00eda, ideales para quienes buscan estilo urbano con materiales de calidad.<\/p>\n","protected":false},"excerpt":{"rendered":"<p>Conoce las ic\u00f3nicas zapatillas Asics Gel Kayano Kayano 14 Jasper Green. dise\u00f1adas para ofrecer confort durante todo el&hellip;<\/p>\n","protected":false},"featured_media":12162,"template":"","meta":[],"product_cat":[803],"product_tag":[953,961,972,366,960,978,977,372,946,327],"class_list":{"0":"post-13600","1":"product","2":"type-product","3":"status-publish","4":"has-post-thumbnail","6":"product_cat-asics","7":"product_tag-953","8":"product_tag-asics","9":"product_tag-gel","10":"product_tag-green","11":"product_tag-hype","12":"product_tag-jasper","13":"product_tag-kayano","14":"product_tag-sneakers","15":"product_tag-streetwear","16":"product_tag-zapatillas","18":"first","19":"instock","20":"sale","21":"shipping-taxable","22":"purchasable","23":"product-type-variable"},"_links":{"self":[{"href":"https:\/\/streetkicksco.com\/de\/wp-json\/wp\/v2\/product\/13600","targetHints":{"allow":["GET"]}}],"collection":[{"href":"https:\/\/streetkicksco.com\/de\/wp-json\/wp\/v2\/product"}],"about":[{"href":"https:\/\/streetkicksco.com\/de\/wp-json\/wp\/v2\/types\/product"}],"version-history":[{"count":0,"href":"https:\/\/streetkicksco.com\/de\/wp-json\/wp\/v2\/product\/13600\/revisions"}],"wp:featuredmedia":[{"embeddable":true,"href":"https:\/\/streetkicksco.com\/de\/wp-json\/wp\/v2\/media\/12162"}],"wp:attachment":[{"href":"https:\/\/streetkicksco.com\/de\/wp-json\/wp\/v2\/media?parent=13600"}],"wp:term":[{"taxonomy":"product_cat","embeddable":true,"href":"https:\/\/streetkicksco.com\/de\/wp-json\/wp\/v2\/product_cat?post=13600"},{"taxonomy":"product_tag","embeddable":true,"href":"https:\/\/streetkicksco.com\/de\/wp-json\/wp\/v2\/product_tag?post=13600"}],"curies":[{"name":"wp","href":"https:\/\/api.w.org\/{rel}","templated":true}]}}