{"id":16068,"date":"2025-08-15T18:34:26","date_gmt":"2025-08-15T16:34:26","guid":{"rendered":"https:\/\/streetkicksco.com\/?post_type=product&#038;p=16068"},"modified":"2026-03-11T15:24:45","modified_gmt":"2026-03-11T14:24:45","slug":"adidas-handball-spezial-para-mujer","status":"publish","type":"product","link":"https:\/\/streetkicksco.com\/de\/shop\/adidas-handball-spezial-para-mujer\/","title":{"rendered":"Adidas Handball Spezial para mujer"},"content":{"rendered":"<p>Este ic\u00f3nico modelo retro llega en una vibrante combinaci\u00f3n de tonos rosa pastel con acentos en rojo intenso, ofreciendo un look fresco y llamativo. Fabricadas con una cuidada mezcla de ante suave y piel sint\u00e9tica en la caracter\u00edstica puntera en forma de \u201cT\u201d, aportan un toque vintage inconfundible. En el interior, cuentan con plantilla acolchada para mayor comodidad, mientras que la suela de goma tipo Gum con dibujo cl\u00e1sico asegura un agarre excelente. Detalles laterales con dise\u00f1o de tres franjas y acabado exclusivo completan su est\u00e9tica atemporal.<\/p>\n","protected":false},"excerpt":{"rendered":"<p>Este ic\u00f3nico modelo retro llega en una vibrante combinaci\u00f3n de tonos rosa pastel con acentos en rojo intenso,&hellip;<\/p>\n","protected":false},"featured_media":16083,"template":"","meta":[],"product_cat":[35,36,53,37],"product_tag":[511],"class_list":{"0":"post-16068","1":"product","2":"type-product","3":"status-publish","4":"has-post-thumbnail","6":"product_cat-adidas","7":"product_cat-adidas-handball-spezial","8":"product_cat-calzado","9":"product_cat-accessories","10":"product_tag-adidas-handball-spezial-trainers-lucid-pink-white-gold-metallic","12":"first","13":"instock","14":"sale","15":"shipping-taxable","16":"purchasable","17":"product-type-variable"},"_links":{"self":[{"href":"https:\/\/streetkicksco.com\/de\/wp-json\/wp\/v2\/product\/16068","targetHints":{"allow":["GET"]}}],"collection":[{"href":"https:\/\/streetkicksco.com\/de\/wp-json\/wp\/v2\/product"}],"about":[{"href":"https:\/\/streetkicksco.com\/de\/wp-json\/wp\/v2\/types\/product"}],"version-history":[{"count":0,"href":"https:\/\/streetkicksco.com\/de\/wp-json\/wp\/v2\/product\/16068\/revisions"}],"wp:featuredmedia":[{"embeddable":true,"href":"https:\/\/streetkicksco.com\/de\/wp-json\/wp\/v2\/media\/16083"}],"wp:attachment":[{"href":"https:\/\/streetkicksco.com\/de\/wp-json\/wp\/v2\/media?parent=16068"}],"wp:term":[{"taxonomy":"product_cat","embeddable":true,"href":"https:\/\/streetkicksco.com\/de\/wp-json\/wp\/v2\/product_cat?post=16068"},{"taxonomy":"product_tag","embeddable":true,"href":"https:\/\/streetkicksco.com\/de\/wp-json\/wp\/v2\/product_tag?post=16068"}],"curies":[{"name":"wp","href":"https:\/\/api.w.org\/{rel}","templated":true}]}}