{"id":23255,"date":"2025-12-03T19:44:45","date_gmt":"2025-12-03T18:44:45","guid":{"rendered":"https:\/\/streetkicksco.com\/?post_type=product&#038;p=23255"},"modified":"2026-03-11T15:22:05","modified_gmt":"2026-03-11T14:22:05","slug":"air-jordan-1-low-og-x-travis-scott-reverse-mocha","status":"publish","type":"product","link":"https:\/\/streetkicksco.com\/de\/shop\/air-jordan-1-low-og-x-travis-scott-reverse-mocha\/","title":{"rendered":"Air Jordan 1 Low OG x Travis Scott \u2018Reverse Mocha\u2019"},"content":{"rendered":"<p>El Travis Scott x Air Jordan 1 Retro Low OG SP \u2018Reverse Mocha\u2019 es un imprescindible para cualquier amante de las zapatillas o fan\u00e1tico del rapero de Houston. Esta interpretaci\u00f3n \u00fanica del cl\u00e1sico \u2018Mocha\u2019 AJ1 Low presenta una base de ante marr\u00f3n con superposiciones de cuero marfil, destacando el ic\u00f3nico Swoosh invertido de Travis Scott en el lado lateral.<\/p>\n<p>Los acentos en escarlata a\u00f1aden un toque vibrante, mientras que los logotipos bordados de Cactus Jack y Wings, que se encuentran en cada pesta\u00f1a del tal\u00f3n, aportan un estilo distintivo. Para completar este modelo deseado, una suela intermedia de goma vintage en un tono blanco roto ofrece un acabado retro.<\/p>\n","protected":false},"excerpt":{"rendered":"<p>El Travis Scott x Air Jordan 1 Retro Low OG SP \u2018Reverse Mocha\u2019 es un imprescindible para cualquier&hellip;<\/p>\n","protected":false},"featured_media":23256,"template":"","meta":[],"product_cat":[88,89,90],"product_tag":[],"class_list":{"0":"post-23255","1":"product","2":"type-product","3":"status-publish","4":"has-post-thumbnail","6":"product_cat-jordan","7":"product_cat-air-jordan-1","8":"product_cat-air-jordan-1-low","9":"pa_talla-eu-39","10":"pa_talla-eu-40","11":"pa_talla-eu-41","12":"pa_talla-eu-42","13":"pa_talla-eu-43","14":"pa_talla-eu-44","15":"pa_talla-eu-45","16":"pa_talla-eu-42-eu-uk-8-26-5cm","17":"pa_talla-eu-46","18":"pa_talla-eu-47","19":"pa_talla-eu-48","20":"pa_talla-eu-164","22":"first","23":"instock","24":"shipping-taxable","25":"purchasable","26":"product-type-variable"},"_links":{"self":[{"href":"https:\/\/streetkicksco.com\/de\/wp-json\/wp\/v2\/product\/23255","targetHints":{"allow":["GET"]}}],"collection":[{"href":"https:\/\/streetkicksco.com\/de\/wp-json\/wp\/v2\/product"}],"about":[{"href":"https:\/\/streetkicksco.com\/de\/wp-json\/wp\/v2\/types\/product"}],"version-history":[{"count":0,"href":"https:\/\/streetkicksco.com\/de\/wp-json\/wp\/v2\/product\/23255\/revisions"}],"wp:featuredmedia":[{"embeddable":true,"href":"https:\/\/streetkicksco.com\/de\/wp-json\/wp\/v2\/media\/23256"}],"wp:attachment":[{"href":"https:\/\/streetkicksco.com\/de\/wp-json\/wp\/v2\/media?parent=23255"}],"wp:term":[{"taxonomy":"product_cat","embeddable":true,"href":"https:\/\/streetkicksco.com\/de\/wp-json\/wp\/v2\/product_cat?post=23255"},{"taxonomy":"product_tag","embeddable":true,"href":"https:\/\/streetkicksco.com\/de\/wp-json\/wp\/v2\/product_tag?post=23255"}],"curies":[{"name":"wp","href":"https:\/\/api.w.org\/{rel}","templated":true}]}}