{"id":24400,"date":"2025-12-17T10:56:11","date_gmt":"2025-12-17T09:56:11","guid":{"rendered":"https:\/\/streetkicksco.com\/?post_type=product&#038;p=24400"},"modified":"2026-03-11T15:03:23","modified_gmt":"2026-03-11T14:03:23","slug":"ugg-lowmel-pumice","status":"publish","type":"product","link":"https:\/\/streetkicksco.com\/de\/shop\/ugg-lowmel-pumice\/","title":{"rendered":"UGG Lowmel Pumice"},"content":{"rendered":"<p>El UGG Lowmel Pumice combina un estilo callejero de bajo perfil con la suavidad caracter\u00edstica de UGG, mostrando una lengua forrada de lana de oveja crema contra un upper de color piedra p\u00f3mez. Los paneles de ante se combinan con una malla tejida transpirable en el empeine y el collar, acentuados por costuras tonales y el logotipo de UGG embosado en el tal\u00f3n. La caja de los dedos redondeada presenta una perforaci\u00f3n sutil, mientras que los cordones anchos pasan a trav\u00e9s de ojales de metal en forma de D y un pr\u00e1ctico tirador en el tal\u00f3n facilita la entrada. Una plantilla acolchada y una plataforma de soporte con una suela de goma antideslizante ofrecen comodidad y tracci\u00f3n durante todo el d\u00eda. El UGG Lowmel Pumice es adecuado para un estilo urbano relajado y looks acogedores de fin de semana, combinando sin esfuerzo con denim o piezas de invierno superpuestas.<\/p>\n","protected":false},"excerpt":{"rendered":"<p>El UGG Lowmel Pumice combina un estilo callejero de bajo perfil con la suavidad caracter\u00edstica de UGG, mostrando&hellip;<\/p>\n","protected":false},"featured_media":24407,"template":"","meta":[],"product_cat":[149],"product_tag":[],"class_list":{"0":"post-24400","1":"product","2":"type-product","3":"status-publish","4":"has-post-thumbnail","6":"product_cat-ugg","7":"pa_talla-eu-56","8":"pa_talla-eu-39","9":"pa_talla-eu-40","10":"pa_talla-eu-41","11":"pa_talla-eu-42","12":"pa_talla-eu-39-5-eu-uk-6-5-25-5cm","13":"pa_talla-eu-43","14":"pa_talla-eu-44","15":"pa_talla-eu-45","16":"pa_talla-eu-46","18":"first","19":"instock","20":"sale","21":"shipping-taxable","22":"purchasable","23":"product-type-variable"},"_links":{"self":[{"href":"https:\/\/streetkicksco.com\/de\/wp-json\/wp\/v2\/product\/24400","targetHints":{"allow":["GET"]}}],"collection":[{"href":"https:\/\/streetkicksco.com\/de\/wp-json\/wp\/v2\/product"}],"about":[{"href":"https:\/\/streetkicksco.com\/de\/wp-json\/wp\/v2\/types\/product"}],"version-history":[{"count":0,"href":"https:\/\/streetkicksco.com\/de\/wp-json\/wp\/v2\/product\/24400\/revisions"}],"wp:featuredmedia":[{"embeddable":true,"href":"https:\/\/streetkicksco.com\/de\/wp-json\/wp\/v2\/media\/24407"}],"wp:attachment":[{"href":"https:\/\/streetkicksco.com\/de\/wp-json\/wp\/v2\/media?parent=24400"}],"wp:term":[{"taxonomy":"product_cat","embeddable":true,"href":"https:\/\/streetkicksco.com\/de\/wp-json\/wp\/v2\/product_cat?post=24400"},{"taxonomy":"product_tag","embeddable":true,"href":"https:\/\/streetkicksco.com\/de\/wp-json\/wp\/v2\/product_tag?post=24400"}],"curies":[{"name":"wp","href":"https:\/\/api.w.org\/{rel}","templated":true}]}}