{"id":25338,"date":"2026-01-04T05:18:01","date_gmt":"2026-01-04T04:18:01","guid":{"rendered":"https:\/\/streetkicksco.com\/?post_type=product&#038;p=25338"},"modified":"2026-03-18T06:19:27","modified_gmt":"2026-03-18T05:19:27","slug":"new-balance-204l-timberwolf-linen","status":"publish","type":"product","link":"https:\/\/streetkicksco.com\/de\/shop\/new-balance-204l-timberwolf-linen\/","title":{"rendered":"New Balance 204L Timberwolf Linen"},"content":{"rendered":"<div class=\"mx-auto h-fit pb-0\">\n<div class=\"relative border-subtlest ring-subtlest divide-subtlest bg-base\">\n<div>\n<div>\n<div>\n<div class=\"erp-sidecar:min-h-[var(--sidecar-content-height)] erp-mobile-sidecar:min-h-[var(--mobile-sidecar-content-height)] min-h-[var(--page-content-height)]\">\n<div class=\"pt-[var(--thread-visual-spacing)] md:pt-lg pb-[var(--thread-visual-spacing)] px-[var(--thread-visual-spacing)] border-subtlest ring-subtlest divide-subtlest bg-transparent\">\n<div class=\"isolate mx-auto max-w-threadContentWidth\">\n<div class=\"mx-auto max-w-threadContentWidth\">\n<div id=\"radix-:r1cc:-content-default\" class=\"focus:outline-none\" tabindex=\"0\" role=\"tabpanel\" data-state=\"active\" data-orientation=\"horizontal\" aria-labelledby=\"radix-:r1cc:-trigger-default\">\n<div class=\"gap-y-md mt-md flex flex-col\">\n<div class=\"grid w-full min-w-0 grid-cols-[minmax(0,1fr)]\" dir=\"ltr\" data-orientation=\"horizontal\">\n<div class=\"col-start-1 row-start-1\">\n<div id=\"radix-:r1ds:-content-thread\" class=\"focus:outline-none\" tabindex=\"0\" role=\"tabpanel\" data-state=\"active\" data-orientation=\"horizontal\" aria-labelledby=\"radix-:r1ds:-trigger-thread\">\n<div class=\"border-subtlest ring-subtlest divide-subtlest bg-transparent\">\n<div class=\"gap-y-md flex flex-col\">\n<div class=\"relative font-sans text-base text-foreground selection:bg-super\/50 selection:text-foreground dark:selection:bg-super\/10 dark:selection:text-super\">\n<div class=\"min-w-0 break-words [word-break:break-word]\">\n<div id=\"markdown-content-1\" class=\"gap-y-md after:clear-both after:block after:content-['']\" dir=\"auto\">\n<div class=\"my-2 first:mt-0 [&amp;:has([data-inline-type=image])+&amp;:has([data-inline-type=image])_[data-inline-type=image]]:hidden [&amp;:has(table)_[data-inline-type=image]]:hidden\">\n<div class=\"relative\">\n<div class=\"prose dark:prose-invert inline leading-relaxed break-words min-w-0 [word-break:break-word] prose-strong:font-medium [&amp;_&gt;*:first-child]:mt-0\">\n<p class=\"my-2 [&amp;+p]:mt-4 [&amp;_strong:has(+br)]:inline-block [&amp;_strong:has(+br)]:pb-2\">Las New Balance 2004L Timberwolf Linen llevan la est\u00e9tica neutra a otro nivel con una silueta retrofuturista cargada de textura, minimalismo y detalle. Su acabado monocrom\u00e1tico en beige envuelve la zapatilla en un look limpio y vers\u00e1til, construido en ante\u00a0<strong>premium<\/strong>\u00a0con superposiciones tonales que aportan profundidad sin recurrir a contrastes marcados.<span class=\"inline-flex\" aria-label=\"A\u00f1adir un nuevo producto &lt; Street Kicks Co \u2014 WordPress\" data-state=\"closed\">\u200b<\/span><\/p>\n<p class=\"my-2 [&amp;+p]:mt-4 [&amp;_strong:has(+br)]:inline-block [&amp;_strong:has(+br)]:pb-2\">Pensadas para quienes buscan una runner cl\u00e1sica reinterpretada para el presente, las 2004L incorporan una suela robusta de gran tracci\u00f3n, paneles curvos que generan movimiento visual y el ic\u00f3nico logotipo \u201cN\u201d bordado que mantiene intacto el ADN hist\u00f3rico de New Balance. La paleta Timberwolf Linen encaja igual de bien en estilismos minimalistas, techwear refinado o conjuntos urbanos con un punto sofisticado.<span class=\"inline-flex\" aria-label=\"A\u00f1adir un nuevo producto &lt; Street Kicks Co \u2014 WordPress\" data-state=\"closed\">\u200b<\/span><\/p>\n<p class=\"my-2 [&amp;+p]:mt-4 [&amp;_strong:has(+br)]:inline-block [&amp;_strong:has(+br)]:pb-2\">M\u00e1s que unas simples zapatillas beige, son un lienzo neutro pero con car\u00e1cter, perfecto para combinar con sastrer\u00eda relajada, denim claro o conjuntos athleisure de diario. Ofrecen la comodidad necesaria para el uso cotidiano y la presencia suficiente para elevar cualquier look sin esfuerzo.<span class=\"inline-flex\" aria-label=\"A\u00f1adir un nuevo producto &lt; Street Kicks Co \u2014 WordPress\" data-state=\"closed\">\u200b<\/span><\/p>\n<\/div>\n<\/div>\n<\/div>\n<\/div>\n<\/div>\n<\/div>\n<\/div>\n<\/div>\n<\/div>\n<\/div>\n<\/div>\n<\/div>\n<\/div>\n<\/div>\n<\/div>\n<\/div>\n<\/div>\n<\/div>\n<\/div>\n<\/div>\n<\/div>\n<\/div>\n","protected":false},"excerpt":{"rendered":"<p>Las New Balance 2004L Timberwolf Linen llevan la est\u00e9tica neutra a otro nivel con una silueta retrofuturista cargada&hellip;<\/p>\n","protected":false},"featured_media":25352,"template":"","meta":[],"product_cat":[99,1347],"product_tag":[],"class_list":{"0":"post-25338","1":"product","2":"type-product","3":"status-publish","4":"has-post-thumbnail","6":"product_cat-new-balance","7":"product_cat-new-balance-204l","8":"pa_talla-eu-39","9":"pa_talla-eu-40","10":"pa_talla-eu-41","11":"pa_talla-eu-39-5-eu-uk-6-5-25-5cm","12":"pa_talla-eu-43","13":"pa_talla-eu-41-5-eu-uk-7-26cm","14":"pa_talla-eu-42-eu-uk-8-26-5cm","15":"pa_talla-eu-46","16":"pa_talla-eu-47","17":"pa_talla-eu-48","19":"first","20":"instock","21":"sale","22":"shipping-taxable","23":"purchasable","24":"product-type-variable"},"_links":{"self":[{"href":"https:\/\/streetkicksco.com\/de\/wp-json\/wp\/v2\/product\/25338","targetHints":{"allow":["GET"]}}],"collection":[{"href":"https:\/\/streetkicksco.com\/de\/wp-json\/wp\/v2\/product"}],"about":[{"href":"https:\/\/streetkicksco.com\/de\/wp-json\/wp\/v2\/types\/product"}],"version-history":[{"count":2,"href":"https:\/\/streetkicksco.com\/de\/wp-json\/wp\/v2\/product\/25338\/revisions"}],"predecessor-version":[{"id":25354,"href":"https:\/\/streetkicksco.com\/de\/wp-json\/wp\/v2\/product\/25338\/revisions\/25354"}],"wp:featuredmedia":[{"embeddable":true,"href":"https:\/\/streetkicksco.com\/de\/wp-json\/wp\/v2\/media\/25352"}],"wp:attachment":[{"href":"https:\/\/streetkicksco.com\/de\/wp-json\/wp\/v2\/media?parent=25338"}],"wp:term":[{"taxonomy":"product_cat","embeddable":true,"href":"https:\/\/streetkicksco.com\/de\/wp-json\/wp\/v2\/product_cat?post=25338"},{"taxonomy":"product_tag","embeddable":true,"href":"https:\/\/streetkicksco.com\/de\/wp-json\/wp\/v2\/product_tag?post=25338"}],"curies":[{"name":"wp","href":"https:\/\/api.w.org\/{rel}","templated":true}]}}