{"id":2623,"date":"2025-02-23T00:08:34","date_gmt":"2025-02-23T00:08:34","guid":{"rendered":"https:\/\/streetkicksco.com\/producto\/air-jordan-3-retro-tinker-sp-black-cement\/"},"modified":"2026-03-11T15:31:26","modified_gmt":"2026-03-11T14:31:26","slug":"air-jordan-3-retro-tinker-sp-black-cement","status":"publish","type":"product","link":"https:\/\/streetkicksco.com\/de\/shop\/air-jordan-3-retro-tinker-sp-black-cement\/","title":{"rendered":"Air Jordan 3 Retro Tinker SP \u2018Black Cement\u2019"},"content":{"rendered":"<p>\u00a1Descubre el Air Jordan 3 Retro Tinker SP \u2018Black Cement\u2019! Lanzado en julio de 2019, este modelo combina gamuza y cuero con el ic\u00f3nico estampado de elefante. Destaca por su tal\u00f3n Nike Air y Swooshes reflectantes 3M. La unidad Air visible y la suela de goma ofrecen comodidad incomparable. Perfecto para los j\u00f3venes apasionados de las sneakers que desean destacar&#8230; A\u00f1ade esta joya legendaria a tu colecci\u00f3n y brilla en cualquier lugar. \u00a1No pierdas la oportunidad de hacerlo tuyo hoy mismo!<\/p>\n","protected":false},"excerpt":{"rendered":"<p>\u00a1Descubre el Air Jordan 3 Retro Tinker SP \u2018Black Cement\u2019! Lanzado en julio de 2019, este modelo combina&hellip;<\/p>\n","protected":false},"featured_media":2617,"template":"","meta":[],"product_cat":[88,53,159,37],"product_tag":[160,161],"class_list":{"0":"post-2623","1":"product","2":"type-product","3":"status-publish","4":"has-post-thumbnail","6":"product_cat-jordan","7":"product_cat-calzado","8":"product_cat-jordan-3","9":"product_cat-accessories","10":"product_tag-air-jordan-3-retro-tinker-sp-black-cement","11":"product_tag-jordan-3","12":"pa_talla-eu-56","13":"pa_talla-eu-39","14":"pa_talla-eu-40","15":"pa_talla-eu-41","16":"pa_talla-eu-42","17":"pa_talla-eu-43","18":"pa_talla-eu-44","19":"pa_talla-eu-45","20":"pa_talla-eu-46","21":"pa_talla-eu-47","22":"pa_talla-eu-48","24":"first","25":"instock","26":"sale","27":"shipping-taxable","28":"purchasable","29":"product-type-variable"},"_links":{"self":[{"href":"https:\/\/streetkicksco.com\/de\/wp-json\/wp\/v2\/product\/2623","targetHints":{"allow":["GET"]}}],"collection":[{"href":"https:\/\/streetkicksco.com\/de\/wp-json\/wp\/v2\/product"}],"about":[{"href":"https:\/\/streetkicksco.com\/de\/wp-json\/wp\/v2\/types\/product"}],"version-history":[{"count":0,"href":"https:\/\/streetkicksco.com\/de\/wp-json\/wp\/v2\/product\/2623\/revisions"}],"wp:featuredmedia":[{"embeddable":true,"href":"https:\/\/streetkicksco.com\/de\/wp-json\/wp\/v2\/media\/2617"}],"wp:attachment":[{"href":"https:\/\/streetkicksco.com\/de\/wp-json\/wp\/v2\/media?parent=2623"}],"wp:term":[{"taxonomy":"product_cat","embeddable":true,"href":"https:\/\/streetkicksco.com\/de\/wp-json\/wp\/v2\/product_cat?post=2623"},{"taxonomy":"product_tag","embeddable":true,"href":"https:\/\/streetkicksco.com\/de\/wp-json\/wp\/v2\/product_tag?post=2623"}],"curies":[{"name":"wp","href":"https:\/\/api.w.org\/{rel}","templated":true}]}}