{"id":27340,"date":"2026-02-26T21:17:51","date_gmt":"2026-02-26T20:17:51","guid":{"rendered":"https:\/\/streetkicksco.com\/shop\/nike-air-max-dn-black-2\/"},"modified":"2026-03-11T13:14:42","modified_gmt":"2026-03-11T12:14:42","slug":"nike-air-max-dn-black-2","status":"publish","type":"product","link":"https:\/\/streetkicksco.com\/de\/shop\/nike-air-max-dn-black-2\/","title":{"rendered":"Nike Air Max DN Black"},"content":{"rendered":"<p>Nike Air Max DN Black &#8211; Zapatillas premium con dise\u00f1o moderno y tecnolog\u00eda Air Max para m\u00e1xima comodidad.<\/p>\n","protected":false},"excerpt":{"rendered":"<p>Nike Air Max DN Black &#8211; Estilo y comodidad incomparables.<\/p>\n","protected":false},"featured_media":27336,"template":"","meta":[],"product_cat":[60],"product_tag":[],"class_list":{"0":"post-27340","1":"product","2":"type-product","3":"status-publish","4":"has-post-thumbnail","6":"product_cat-nike","8":"first","9":"instock","10":"shipping-taxable","11":"purchasable","12":"product-type-variable"},"_links":{"self":[{"href":"https:\/\/streetkicksco.com\/de\/wp-json\/wp\/v2\/product\/27340","targetHints":{"allow":["GET"]}}],"collection":[{"href":"https:\/\/streetkicksco.com\/de\/wp-json\/wp\/v2\/product"}],"about":[{"href":"https:\/\/streetkicksco.com\/de\/wp-json\/wp\/v2\/types\/product"}],"version-history":[{"count":1,"href":"https:\/\/streetkicksco.com\/de\/wp-json\/wp\/v2\/product\/27340\/revisions"}],"predecessor-version":[{"id":27362,"href":"https:\/\/streetkicksco.com\/de\/wp-json\/wp\/v2\/product\/27340\/revisions\/27362"}],"wp:featuredmedia":[{"embeddable":true,"href":"https:\/\/streetkicksco.com\/de\/wp-json\/wp\/v2\/media\/27336"}],"wp:attachment":[{"href":"https:\/\/streetkicksco.com\/de\/wp-json\/wp\/v2\/media?parent=27340"}],"wp:term":[{"taxonomy":"product_cat","embeddable":true,"href":"https:\/\/streetkicksco.com\/de\/wp-json\/wp\/v2\/product_cat?post=27340"},{"taxonomy":"product_tag","embeddable":true,"href":"https:\/\/streetkicksco.com\/de\/wp-json\/wp\/v2\/product_tag?post=27340"}],"curies":[{"name":"wp","href":"https:\/\/api.w.org\/{rel}","templated":true}]}}