{"id":27611,"date":"2026-03-01T16:36:01","date_gmt":"2026-03-01T15:36:01","guid":{"rendered":"https:\/\/streetkicksco.com\/?post_type=product&#038;p=27611"},"modified":"2026-03-11T15:21:34","modified_gmt":"2026-03-11T14:21:34","slug":"nike-zapatillas-sb-dunk-low-de-nike-x-grateful-dead","status":"publish","type":"product","link":"https:\/\/streetkicksco.com\/de\/shop\/nike-zapatillas-sb-dunk-low-de-nike-x-grateful-dead\/","title":{"rendered":"Nike zapatillas SB Dunk Low de Nike x Grateful Dead"},"content":{"rendered":"<p>Zapatillas Nike SB Dunk Low fruto de la colaboraci\u00f3n exclusiva entre Nike y Grateful Dead, inspiradas en los ic\u00f3nicos osos de la banda, con un dise\u00f1o llamativo en tonos verdes pensado para coleccionistas y amantes del skate.<\/p>\n","protected":false},"excerpt":{"rendered":"<p>Zapatillas Nike SB Dunk Low fruto de la colaboraci\u00f3n exclusiva entre Nike y Grateful Dead, inspiradas en los&hellip;<\/p>\n","protected":false},"featured_media":27625,"template":"","meta":[],"product_cat":[60,61],"product_tag":[],"class_list":{"0":"post-27611","1":"product","2":"type-product","3":"status-publish","4":"has-post-thumbnail","6":"product_cat-nike","7":"product_cat-dunk-sb","8":"pa_talla-eu-39","9":"pa_talla-eu-40","10":"pa_talla-eu-41","11":"pa_talla-eu-42","12":"pa_talla-eu-43","13":"pa_talla-eu-44","14":"pa_talla-eu-42-eu-uk-8-26-5cm","15":"pa_talla-eu-46","16":"pa_talla-eu-47","17":"pa_talla-eu-48","19":"first","20":"instock","21":"shipping-taxable","22":"purchasable","23":"product-type-variable"},"_links":{"self":[{"href":"https:\/\/streetkicksco.com\/de\/wp-json\/wp\/v2\/product\/27611","targetHints":{"allow":["GET"]}}],"collection":[{"href":"https:\/\/streetkicksco.com\/de\/wp-json\/wp\/v2\/product"}],"about":[{"href":"https:\/\/streetkicksco.com\/de\/wp-json\/wp\/v2\/types\/product"}],"version-history":[{"count":1,"href":"https:\/\/streetkicksco.com\/de\/wp-json\/wp\/v2\/product\/27611\/revisions"}],"predecessor-version":[{"id":27626,"href":"https:\/\/streetkicksco.com\/de\/wp-json\/wp\/v2\/product\/27611\/revisions\/27626"}],"wp:featuredmedia":[{"embeddable":true,"href":"https:\/\/streetkicksco.com\/de\/wp-json\/wp\/v2\/media\/27625"}],"wp:attachment":[{"href":"https:\/\/streetkicksco.com\/de\/wp-json\/wp\/v2\/media?parent=27611"}],"wp:term":[{"taxonomy":"product_cat","embeddable":true,"href":"https:\/\/streetkicksco.com\/de\/wp-json\/wp\/v2\/product_cat?post=27611"},{"taxonomy":"product_tag","embeddable":true,"href":"https:\/\/streetkicksco.com\/de\/wp-json\/wp\/v2\/product_tag?post=27611"}],"curies":[{"name":"wp","href":"https:\/\/api.w.org\/{rel}","templated":true}]}}