{"id":27722,"date":"2026-03-03T02:53:30","date_gmt":"2026-03-03T01:53:30","guid":{"rendered":"https:\/\/streetkicksco.com\/shop\/new-balance-9060-workwear\/"},"modified":"2026-03-18T06:19:20","modified_gmt":"2026-03-18T05:19:20","slug":"new-balance-9060-workwear","status":"publish","type":"product","link":"https:\/\/streetkicksco.com\/de\/shop\/new-balance-9060-workwear\/","title":{"rendered":"New Balance 9060 \u2018Workwear\u2019"},"content":{"rendered":"<p>Las New Balance 9060 \u2018Workwear\u2019 presentan una est\u00e9tica inspirada en la ropa de trabajo cl\u00e1sica, combinando tonos tierra y mostaza en una silueta robusta y moderna. Su dise\u00f1o destaca por una mezcla premium de ante y malla, junto con la ic\u00f3nica mediasuela esculpida que ofrece una comodidad excepcional gracias a la tecnolog\u00eda ABZORB.<\/p>\n","protected":false},"excerpt":{"rendered":"<p>Las New Balance 9060 \u2018Workwear\u2019 presentan una est\u00e9tica inspirada en la ropa de trabajo cl\u00e1sica, combinando tonos tierra&hellip;<\/p>\n","protected":false},"featured_media":27717,"template":"","meta":[],"product_cat":[99,1056],"product_tag":[],"class_list":{"0":"post-27722","1":"product","2":"type-product","3":"status-publish","4":"has-post-thumbnail","6":"product_cat-new-balance","7":"product_cat-new-balance-9060","8":"pa_talla-eu-39","9":"pa_talla-eu-40","10":"pa_talla-eu-41","11":"pa_talla-eu-39-5-eu-uk-6-5-25-5cm","12":"pa_talla-eu-43","13":"pa_talla-eu-41-5-eu-uk-7-26cm","14":"pa_talla-eu-45","15":"pa_talla-eu-46","16":"pa_talla-eu-47","17":"pa_talla-eu-48","19":"first","20":"instock","21":"sale","22":"shipping-taxable","23":"purchasable","24":"product-type-variable"},"_links":{"self":[{"href":"https:\/\/streetkicksco.com\/de\/wp-json\/wp\/v2\/product\/27722","targetHints":{"allow":["GET"]}}],"collection":[{"href":"https:\/\/streetkicksco.com\/de\/wp-json\/wp\/v2\/product"}],"about":[{"href":"https:\/\/streetkicksco.com\/de\/wp-json\/wp\/v2\/types\/product"}],"version-history":[{"count":0,"href":"https:\/\/streetkicksco.com\/de\/wp-json\/wp\/v2\/product\/27722\/revisions"}],"wp:featuredmedia":[{"embeddable":true,"href":"https:\/\/streetkicksco.com\/de\/wp-json\/wp\/v2\/media\/27717"}],"wp:attachment":[{"href":"https:\/\/streetkicksco.com\/de\/wp-json\/wp\/v2\/media?parent=27722"}],"wp:term":[{"taxonomy":"product_cat","embeddable":true,"href":"https:\/\/streetkicksco.com\/de\/wp-json\/wp\/v2\/product_cat?post=27722"},{"taxonomy":"product_tag","embeddable":true,"href":"https:\/\/streetkicksco.com\/de\/wp-json\/wp\/v2\/product_tag?post=27722"}],"curies":[{"name":"wp","href":"https:\/\/api.w.org\/{rel}","templated":true}]}}