{"id":2907,"date":"2025-02-23T00:44:48","date_gmt":"2025-02-23T00:44:48","guid":{"rendered":"https:\/\/streetkicksco.com\/producto\/nike-air-force-1-shadow-womens\/"},"modified":"2026-03-11T15:30:56","modified_gmt":"2026-03-11T14:30:56","slug":"nike-air-force-1-shadow-womens","status":"publish","type":"product","link":"https:\/\/streetkicksco.com\/de\/shop\/nike-air-force-1-shadow-womens\/","title":{"rendered":"Nike Air Force 1 Shadow Women\u2019s"},"content":{"rendered":"<p>\u00a1Eleva tu estilo con las Nike Air Force 1 Shadow Women\u2019s! Estas sneakers ic\u00f3nicas combinan el cl\u00e1sico dise\u00f1o con un toque moderno, gracias a su suela elevada y detalles en capas. Su dise\u00f1o multicolor a\u00f1ade un toque audaz a cualquier look urbano. Fabricadas con materiales de alta calidad, ofrecen comodidad y durabilidad. Ideales para j\u00f3venes apasionadas por la moda, son el complemento perfecto para destacar en cualquier ocasi\u00f3n. No dejes pasar la oportunidad de llevar tu colecci\u00f3n al siguiente nivel&#8230; \u00a1Compra ahora y marca la diferencia con tu estilo \u00fanico!<\/p>\n","protected":false},"excerpt":{"rendered":"<p>\u00a1Eleva tu estilo con las Nike Air Force 1 Shadow Women\u2019s! Estas sneakers ic\u00f3nicas combinan el cl\u00e1sico dise\u00f1o&hellip;<\/p>\n","protected":false},"featured_media":2901,"template":"","meta":[],"product_cat":[53,60,157],"product_tag":[224],"class_list":{"0":"post-2907","1":"product","2":"type-product","3":"status-publish","4":"has-post-thumbnail","6":"product_cat-calzado","7":"product_cat-nike","8":"product_cat-nike-air-force","9":"product_tag-nike-air-force-1-shadow-womens-sneakers","10":"pa_talla-eu-39","11":"pa_talla-eu-40","12":"pa_talla-eu-41","13":"pa_talla-eu-42","14":"pa_talla-eu-43","15":"pa_talla-eu-44","16":"pa_talla-eu-45","17":"pa_talla-eu-46","18":"pa_talla-eu-47","19":"pa_talla-eu-48","21":"first","22":"instock","23":"sale","24":"shipping-taxable","25":"purchasable","26":"product-type-variable"},"_links":{"self":[{"href":"https:\/\/streetkicksco.com\/de\/wp-json\/wp\/v2\/product\/2907","targetHints":{"allow":["GET"]}}],"collection":[{"href":"https:\/\/streetkicksco.com\/de\/wp-json\/wp\/v2\/product"}],"about":[{"href":"https:\/\/streetkicksco.com\/de\/wp-json\/wp\/v2\/types\/product"}],"version-history":[{"count":0,"href":"https:\/\/streetkicksco.com\/de\/wp-json\/wp\/v2\/product\/2907\/revisions"}],"wp:featuredmedia":[{"embeddable":true,"href":"https:\/\/streetkicksco.com\/de\/wp-json\/wp\/v2\/media\/2901"}],"wp:attachment":[{"href":"https:\/\/streetkicksco.com\/de\/wp-json\/wp\/v2\/media?parent=2907"}],"wp:term":[{"taxonomy":"product_cat","embeddable":true,"href":"https:\/\/streetkicksco.com\/de\/wp-json\/wp\/v2\/product_cat?post=2907"},{"taxonomy":"product_tag","embeddable":true,"href":"https:\/\/streetkicksco.com\/de\/wp-json\/wp\/v2\/product_tag?post=2907"}],"curies":[{"name":"wp","href":"https:\/\/api.w.org\/{rel}","templated":true}]}}