{"id":3093,"date":"2025-02-23T01:01:13","date_gmt":"2025-02-23T01:01:13","guid":{"rendered":"https:\/\/streetkicksco.com\/producto\/nike-air-force-1-07-lv8-emb\/"},"modified":"2026-03-11T17:43:54","modified_gmt":"2026-03-11T16:43:54","slug":"nike-air-force-1-07-lv8-emb","status":"publish","type":"product","link":"https:\/\/streetkicksco.com\/de\/shop\/nike-air-force-1-07-lv8-emb\/","title":{"rendered":"Nike Air Force 1 &#8217;07 LV8 EMB"},"content":{"rendered":"<p>Descubre las Nike Air Force 1 &#8217;07 LV8 EMB: donde la historia se encuentra con la modernidad. Estas sneakers ic\u00f3nicas, con detalles premium y logo bordado, son perfectas para destacar. Disfruta de una comodidad inigualable gracias a su amortiguaci\u00f3n Air. \u00bfListo para marcar tendencia? Atr\u00e9vete a elevar tu estilo con materiales de alta calidad que garantizan durabilidad. Ideales para cualquier ocasi\u00f3n, se convertir\u00e1n en tu aliado imprescindible. No dejes que se escapen&#8230; \u00a1Compra online ahora y lleva la experiencia Nike a tus pies! Eleva tu colecci\u00f3n y demuestra tu pasi\u00f3n por las zapatillas.<\/p>\n","protected":false},"excerpt":{"rendered":"<p>Descubre las Nike Air Force 1 &#8217;07 LV8 EMB: donde la historia se encuentra con la modernidad. Estas&hellip;<\/p>\n","protected":false},"featured_media":3089,"template":"","meta":[],"product_cat":[53,60,157],"product_tag":[249],"class_list":{"0":"post-3093","1":"product","2":"type-product","3":"status-publish","4":"has-post-thumbnail","6":"product_cat-calzado","7":"product_cat-nike","8":"product_cat-nike-air-force","9":"product_tag-nike-air-force-1-07-lv8-emb","10":"pa_talla-eu-39","11":"pa_talla-eu-40","12":"pa_talla-eu-41","13":"pa_talla-eu-42","14":"pa_talla-eu-43","15":"pa_talla-eu-44","16":"pa_talla-eu-45","17":"pa_talla-eu-46","18":"pa_talla-eu-47","19":"pa_talla-eu-48","21":"first","22":"instock","23":"sale","24":"shipping-taxable","25":"purchasable","26":"product-type-variable"},"_links":{"self":[{"href":"https:\/\/streetkicksco.com\/de\/wp-json\/wp\/v2\/product\/3093","targetHints":{"allow":["GET"]}}],"collection":[{"href":"https:\/\/streetkicksco.com\/de\/wp-json\/wp\/v2\/product"}],"about":[{"href":"https:\/\/streetkicksco.com\/de\/wp-json\/wp\/v2\/types\/product"}],"version-history":[{"count":0,"href":"https:\/\/streetkicksco.com\/de\/wp-json\/wp\/v2\/product\/3093\/revisions"}],"wp:featuredmedia":[{"embeddable":true,"href":"https:\/\/streetkicksco.com\/de\/wp-json\/wp\/v2\/media\/3089"}],"wp:attachment":[{"href":"https:\/\/streetkicksco.com\/de\/wp-json\/wp\/v2\/media?parent=3093"}],"wp:term":[{"taxonomy":"product_cat","embeddable":true,"href":"https:\/\/streetkicksco.com\/de\/wp-json\/wp\/v2\/product_cat?post=3093"},{"taxonomy":"product_tag","embeddable":true,"href":"https:\/\/streetkicksco.com\/de\/wp-json\/wp\/v2\/product_tag?post=3093"}],"curies":[{"name":"wp","href":"https:\/\/api.w.org\/{rel}","templated":true}]}}