{"id":3317,"date":"2025-02-23T01:57:41","date_gmt":"2025-02-23T01:57:41","guid":{"rendered":"https:\/\/streetkicksco.com\/producto\/nike-jordan-4-seafoam-edicion-limitada\/"},"modified":"2026-03-11T15:30:08","modified_gmt":"2026-03-11T14:30:08","slug":"nike-jordan-4-seafoam-edicion-limitada","status":"publish","type":"product","link":"https:\/\/streetkicksco.com\/de\/shop\/nike-jordan-4-seafoam-edicion-limitada\/","title":{"rendered":"Nike Jordan 4 Seafoam &#8211; Edici\u00f3n limitada"},"content":{"rendered":"<p>Nike Jordan 4 Seafoam, edici\u00f3n limitada con un moderno dise\u00f1o verde menta y detalles negros.<\/p>\n<div style=\"width: 1080px;\" class=\"wp-video\"><video class=\"wp-video-shortcode\" id=\"video-3317-1\" width=\"1080\" height=\"1920\" preload=\"metadata\" controls=\"controls\"><source type=\"video\/mp4\" src=\"https:\/\/ibuysneakers.com\/wp-content\/uploads\/2023\/04\/SaveInsta.App-3037455795431910473.mp4?_=1\" \/><a href=\"https:\/\/ibuysneakers.com\/wp-content\/uploads\/2023\/04\/SaveInsta.App-3037455795431910473.mp4\">https:\/\/ibuysneakers.com\/wp-content\/uploads\/2023\/04\/SaveInsta.App-3037455795431910473.mp4<\/a><\/video><\/div>\n","protected":false},"excerpt":{"rendered":"<p>Nike Jordan 4 Seafoam, edici\u00f3n limitada con un moderno dise\u00f1o verde menta y detalles negros.<\/p>\n","protected":false},"featured_media":3315,"template":"","meta":[],"product_cat":[88,92,53],"product_tag":[315,94,328,177,325,329,194,800,330,327],"class_list":{"0":"post-3317","1":"product","2":"type-product","3":"status-publish","4":"has-post-thumbnail","6":"product_cat-jordan","7":"product_cat-air-jordan-4","8":"product_cat-calzado","9":"product_tag-cuero","10":"product_tag-edicion-limitada","11":"product_tag-gamuza","12":"product_tag-jordan","13":"product_tag-jumpman","14":"product_tag-negro","15":"product_tag-nike","16":"product_tag-nike-jordan-4-seafoam-edicion-limitada","17":"product_tag-verde-menta","18":"product_tag-zapatillas","19":"pa_talla-eu-39","20":"pa_talla-eu-40","21":"pa_talla-eu-41","22":"pa_talla-eu-42","23":"pa_talla-eu-43","24":"pa_talla-eu-44","25":"pa_talla-eu-45","26":"pa_talla-eu-46","27":"pa_talla-eu-47","28":"pa_talla-eu-48","30":"first","31":"instock","32":"sale","33":"shipping-taxable","34":"purchasable","35":"product-type-variable"},"_links":{"self":[{"href":"https:\/\/streetkicksco.com\/de\/wp-json\/wp\/v2\/product\/3317","targetHints":{"allow":["GET"]}}],"collection":[{"href":"https:\/\/streetkicksco.com\/de\/wp-json\/wp\/v2\/product"}],"about":[{"href":"https:\/\/streetkicksco.com\/de\/wp-json\/wp\/v2\/types\/product"}],"version-history":[{"count":0,"href":"https:\/\/streetkicksco.com\/de\/wp-json\/wp\/v2\/product\/3317\/revisions"}],"wp:featuredmedia":[{"embeddable":true,"href":"https:\/\/streetkicksco.com\/de\/wp-json\/wp\/v2\/media\/3315"}],"wp:attachment":[{"href":"https:\/\/streetkicksco.com\/de\/wp-json\/wp\/v2\/media?parent=3317"}],"wp:term":[{"taxonomy":"product_cat","embeddable":true,"href":"https:\/\/streetkicksco.com\/de\/wp-json\/wp\/v2\/product_cat?post=3317"},{"taxonomy":"product_tag","embeddable":true,"href":"https:\/\/streetkicksco.com\/de\/wp-json\/wp\/v2\/product_tag?post=3317"}],"curies":[{"name":"wp","href":"https:\/\/api.w.org\/{rel}","templated":true}]}}