{"id":3507,"date":"2025-02-23T02:25:17","date_gmt":"2025-02-23T02:25:17","guid":{"rendered":"https:\/\/streetkicksco.com\/producto\/af1-stussy-fossil-stone\/"},"modified":"2026-03-11T17:43:46","modified_gmt":"2026-03-11T16:43:46","slug":"af1-stussy-fossil-stone","status":"publish","type":"product","link":"https:\/\/streetkicksco.com\/de\/shop\/af1-stussy-fossil-stone\/","title":{"rendered":"AF1 STUSSY Fossil Stone"},"content":{"rendered":"<p>Descubre el estilo inigualable del<\/p>\n<h1 class=\"product-single__title\">AF1 STUSSY Fossil Stone<\/h1>\n<p>. Esta colaboraci\u00f3n entre Nike y Stussy redefine el cl\u00e1sico dise\u00f1o Air Force 1 con un toque moderno y fresco. Su paleta en tonos piedra f\u00f3sil y materiales premium garantizan comodidad y durabilidad. Ideal para quienes buscan destacar en el mundo de las sneakers&#8230; \u00danete a la \u00e9lite de los sneakerheads con esta edici\u00f3n exclusiva. \u00a1No dejes pasar la oportunidad de a\u00f1adir este \u00edcono a tu colecci\u00f3n! Compra ahora y eleva tu estilo al siguiente nivel.<\/p>\n","protected":false},"excerpt":{"rendered":"<p>Descubre el estilo inigualable del AF1 STUSSY Fossil Stone . Esta colaboraci\u00f3n entre Nike y Stussy redefine el&hellip;<\/p>\n","protected":false},"featured_media":3501,"template":"","meta":[],"product_cat":[53,60,157],"product_tag":[],"class_list":{"0":"post-3507","1":"product","2":"type-product","3":"status-publish","4":"has-post-thumbnail","6":"product_cat-calzado","7":"product_cat-nike","8":"product_cat-nike-air-force","9":"pa_talla-eu-39","10":"pa_talla-eu-40","11":"pa_talla-eu-41","12":"pa_talla-eu-42","13":"pa_talla-eu-43","14":"pa_talla-eu-44","15":"pa_talla-eu-45","16":"pa_talla-eu-46","17":"pa_talla-eu-47","18":"pa_talla-eu-48","20":"first","21":"instock","22":"sale","23":"shipping-taxable","24":"purchasable","25":"product-type-variable"},"_links":{"self":[{"href":"https:\/\/streetkicksco.com\/de\/wp-json\/wp\/v2\/product\/3507","targetHints":{"allow":["GET"]}}],"collection":[{"href":"https:\/\/streetkicksco.com\/de\/wp-json\/wp\/v2\/product"}],"about":[{"href":"https:\/\/streetkicksco.com\/de\/wp-json\/wp\/v2\/types\/product"}],"version-history":[{"count":0,"href":"https:\/\/streetkicksco.com\/de\/wp-json\/wp\/v2\/product\/3507\/revisions"}],"wp:featuredmedia":[{"embeddable":true,"href":"https:\/\/streetkicksco.com\/de\/wp-json\/wp\/v2\/media\/3501"}],"wp:attachment":[{"href":"https:\/\/streetkicksco.com\/de\/wp-json\/wp\/v2\/media?parent=3507"}],"wp:term":[{"taxonomy":"product_cat","embeddable":true,"href":"https:\/\/streetkicksco.com\/de\/wp-json\/wp\/v2\/product_cat?post=3507"},{"taxonomy":"product_tag","embeddable":true,"href":"https:\/\/streetkicksco.com\/de\/wp-json\/wp\/v2\/product_tag?post=3507"}],"curies":[{"name":"wp","href":"https:\/\/api.w.org\/{rel}","templated":true}]}}