{"id":3834,"date":"2025-02-23T09:40:13","date_gmt":"2025-02-23T09:40:13","guid":{"rendered":"https:\/\/streetkicksco.com\/producto\/sacai-x-nike-ldwaffle-pine-green\/"},"modified":"2026-03-11T15:29:03","modified_gmt":"2026-03-11T14:29:03","slug":"sacai-x-nike-ldwaffle-pine-green","status":"publish","type":"product","link":"https:\/\/streetkicksco.com\/de\/shop\/sacai-x-nike-ldwaffle-pine-green\/","title":{"rendered":"Sacai x Nike LDWaffle \u201cPine Green\u201d"},"content":{"rendered":"<p>\u00a1Atr\u00e9vete a destacar con el Sacai x Nike LDWaffle &#8222;Pine Green&#8220;! Esta colaboraci\u00f3n ic\u00f3nica mezcla lo mejor de Nike y Sacai, ofreciendo una silueta audaz e innovadora. Su vibrante paleta verde pino y los detalles en capas crean un estilo \u00fanico&#8230; y vers\u00e1til. Perfecto para cualquier ocasi\u00f3n, este par es m\u00e1s que una declaraci\u00f3n de moda: es una inversi\u00f3n en originalidad. \u00bfListo para elevar tu colecci\u00f3n? No esperes m\u00e1s&#8230; \u00a1Compra ahora y lleva tu pasi\u00f3n por las sneakers al siguiente nivel con este lanzamiento exclusivo!<\/p>\n","protected":false},"excerpt":{"rendered":"<p>\u00a1Atr\u00e9vete a destacar con el Sacai x Nike LDWaffle &#8222;Pine Green&#8220;! Esta colaboraci\u00f3n ic\u00f3nica mezcla lo mejor de&hellip;<\/p>\n","protected":false},"featured_media":3830,"template":"","meta":[],"product_cat":[53,60,465],"product_tag":[794],"class_list":{"0":"post-3834","1":"product","2":"type-product","3":"status-publish","4":"has-post-thumbnail","6":"product_cat-calzado","7":"product_cat-nike","8":"product_cat-sacai-ldv-waffle","9":"product_tag-sacai-x-nike-ldwaffle-pine-green","10":"pa_talla-eu-39","11":"pa_talla-eu-40","12":"pa_talla-eu-41","13":"pa_talla-eu-42","14":"pa_talla-eu-43","15":"pa_talla-eu-44","16":"pa_talla-eu-45","17":"pa_talla-eu-46","18":"pa_talla-eu-47","19":"pa_talla-eu-48","21":"first","22":"instock","23":"sale","24":"shipping-taxable","25":"purchasable","26":"product-type-variable"},"_links":{"self":[{"href":"https:\/\/streetkicksco.com\/de\/wp-json\/wp\/v2\/product\/3834","targetHints":{"allow":["GET"]}}],"collection":[{"href":"https:\/\/streetkicksco.com\/de\/wp-json\/wp\/v2\/product"}],"about":[{"href":"https:\/\/streetkicksco.com\/de\/wp-json\/wp\/v2\/types\/product"}],"version-history":[{"count":0,"href":"https:\/\/streetkicksco.com\/de\/wp-json\/wp\/v2\/product\/3834\/revisions"}],"wp:featuredmedia":[{"embeddable":true,"href":"https:\/\/streetkicksco.com\/de\/wp-json\/wp\/v2\/media\/3830"}],"wp:attachment":[{"href":"https:\/\/streetkicksco.com\/de\/wp-json\/wp\/v2\/media?parent=3834"}],"wp:term":[{"taxonomy":"product_cat","embeddable":true,"href":"https:\/\/streetkicksco.com\/de\/wp-json\/wp\/v2\/product_cat?post=3834"},{"taxonomy":"product_tag","embeddable":true,"href":"https:\/\/streetkicksco.com\/de\/wp-json\/wp\/v2\/product_tag?post=3834"}],"curies":[{"name":"wp","href":"https:\/\/api.w.org\/{rel}","templated":true}]}}