{"id":3889,"date":"2025-02-23T09:41:37","date_gmt":"2025-02-23T09:41:37","guid":{"rendered":"https:\/\/streetkicksco.com\/producto\/air-max-270-medium-olive\/"},"modified":"2026-03-27T07:48:58","modified_gmt":"2026-03-27T06:48:58","slug":"air-max-270-medium-olive","status":"publish","type":"product","link":"https:\/\/streetkicksco.com\/de\/shop\/air-max-270-medium-olive\/","title":{"rendered":"Air Max 270 MEDIUM OLIVE"},"content":{"rendered":"<p>Descubre las Nike Air Max 270 MEDIUM OLIVE, inspiradas en los ic\u00f3nicos modelos Air Max 180 y Air Max 93. Estas sneakers fusionan estilo y comodidad con la mayor unidad Air en el tal\u00f3n de Nike, ofreciendo una pisada ultrasuave&#8230; \u00a1y un look que destaca! Ideal para j\u00f3venes apasionados por la moda urbana, su dise\u00f1o en tono oliva es perfecto para cualquier outfit. No esperes m\u00e1s para experimentar el confort y la innovaci\u00f3n de las Air Max 270. Atr\u00e9vete a marcar tendencia y asegura las tuyas hoy mismo. \u00a1Hazlas parte de tu colecci\u00f3n!<\/p>\n","protected":false},"excerpt":{"rendered":"<p>Descubre las Nike Air Max 270 MEDIUM OLIVE, inspiradas en los ic\u00f3nicos modelos Air Max 180 y Air&hellip;<\/p>\n","protected":false},"featured_media":3884,"template":"","meta":[],"product_cat":[53,60,472],"product_tag":[],"class_list":{"0":"post-3889","1":"product","2":"type-product","3":"status-publish","4":"has-post-thumbnail","6":"product_cat-calzado","7":"product_cat-nike","8":"product_cat-nike-air-max-270","10":"first","11":"instock","12":"sale","13":"shipping-taxable","14":"purchasable","15":"product-type-variable"},"_links":{"self":[{"href":"https:\/\/streetkicksco.com\/de\/wp-json\/wp\/v2\/product\/3889","targetHints":{"allow":["GET"]}}],"collection":[{"href":"https:\/\/streetkicksco.com\/de\/wp-json\/wp\/v2\/product"}],"about":[{"href":"https:\/\/streetkicksco.com\/de\/wp-json\/wp\/v2\/types\/product"}],"version-history":[{"count":0,"href":"https:\/\/streetkicksco.com\/de\/wp-json\/wp\/v2\/product\/3889\/revisions"}],"wp:featuredmedia":[{"embeddable":true,"href":"https:\/\/streetkicksco.com\/de\/wp-json\/wp\/v2\/media\/3884"}],"wp:attachment":[{"href":"https:\/\/streetkicksco.com\/de\/wp-json\/wp\/v2\/media?parent=3889"}],"wp:term":[{"taxonomy":"product_cat","embeddable":true,"href":"https:\/\/streetkicksco.com\/de\/wp-json\/wp\/v2\/product_cat?post=3889"},{"taxonomy":"product_tag","embeddable":true,"href":"https:\/\/streetkicksco.com\/de\/wp-json\/wp\/v2\/product_tag?post=3889"}],"curies":[{"name":"wp","href":"https:\/\/api.w.org\/{rel}","templated":true}]}}