{"id":3959,"date":"2025-02-23T09:43:03","date_gmt":"2025-02-23T09:43:03","guid":{"rendered":"https:\/\/streetkicksco.com\/producto\/air-max-vapormax-plus-tn-white-grape\/"},"modified":"2026-03-27T07:48:18","modified_gmt":"2026-03-27T06:48:18","slug":"air-max-vapormax-plus-tn-white-grape","status":"publish","type":"product","link":"https:\/\/streetkicksco.com\/de\/shop\/air-max-vapormax-plus-tn-white-grape\/","title":{"rendered":"Air Max Vapormax Plus TN WHITE GRAPE"},"content":{"rendered":"<p>Descubre las Nike Air VaporMax Plus &#8222;WHITE GRAPE&#8220;, donde nostalgia y modernidad se encuentran. Inspiradas en las Air Max Plus de 1998, estas sneakers ofrecen una estructura flotante y una comodidad excepcional gracias a la tecnolog\u00eda VaporMax Air. Su dise\u00f1o incluye una parte superior c\u00f3moda y un logotipo impactante en el tal\u00f3n. Perfectas para destacar en cada paso. \u00bfQuieres llevar tu colecci\u00f3n al siguiente nivel? No te quedes atr\u00e1s\u2026 \u00a1Atr\u00e9vete a caminar hacia el futuro con estilo! A\u00f1\u00e1delas a tu carrito y marca la diferencia. Compra ahora y conquista las calles.<\/p>\n","protected":false},"excerpt":{"rendered":"<p>Descubre las Nike Air VaporMax Plus &#8222;WHITE GRAPE&#8220;, donde nostalgia y modernidad se encuentran. Inspiradas en las Air&hellip;<\/p>\n","protected":false},"featured_media":3955,"template":"","meta":[],"product_cat":[53,60,460],"product_tag":[],"class_list":{"0":"post-3959","1":"product","2":"type-product","3":"status-publish","4":"has-post-thumbnail","6":"product_cat-calzado","7":"product_cat-nike","8":"product_cat-nike-vapormax","10":"first","11":"instock","12":"sale","13":"shipping-taxable","14":"purchasable","15":"product-type-variable"},"_links":{"self":[{"href":"https:\/\/streetkicksco.com\/de\/wp-json\/wp\/v2\/product\/3959","targetHints":{"allow":["GET"]}}],"collection":[{"href":"https:\/\/streetkicksco.com\/de\/wp-json\/wp\/v2\/product"}],"about":[{"href":"https:\/\/streetkicksco.com\/de\/wp-json\/wp\/v2\/types\/product"}],"version-history":[{"count":0,"href":"https:\/\/streetkicksco.com\/de\/wp-json\/wp\/v2\/product\/3959\/revisions"}],"wp:featuredmedia":[{"embeddable":true,"href":"https:\/\/streetkicksco.com\/de\/wp-json\/wp\/v2\/media\/3955"}],"wp:attachment":[{"href":"https:\/\/streetkicksco.com\/de\/wp-json\/wp\/v2\/media?parent=3959"}],"wp:term":[{"taxonomy":"product_cat","embeddable":true,"href":"https:\/\/streetkicksco.com\/de\/wp-json\/wp\/v2\/product_cat?post=3959"},{"taxonomy":"product_tag","embeddable":true,"href":"https:\/\/streetkicksco.com\/de\/wp-json\/wp\/v2\/product_tag?post=3959"}],"curies":[{"name":"wp","href":"https:\/\/api.w.org\/{rel}","templated":true}]}}