{"id":4028,"date":"2025-02-23T09:44:52","date_gmt":"2025-02-23T09:44:52","guid":{"rendered":"https:\/\/streetkicksco.com\/producto\/air-max-90-x-off-white-black\/"},"modified":"2026-03-27T07:48:05","modified_gmt":"2026-03-27T06:48:05","slug":"air-max-90-x-off-white-black","status":"publish","type":"product","link":"https:\/\/streetkicksco.com\/de\/shop\/air-max-90-x-off-white-black\/","title":{"rendered":"Air Max 90 x Off-white BLACK"},"content":{"rendered":"<p>Descubre las ic\u00f3nicas Nike Air Max 90 x Off-white BLACK, una fusi\u00f3n perfecta de estilo y comodidad. Lanzadas en 1990, estas sneakers revolucionaron la moda urbana con su coj\u00edn de aire visible. Hoy, ofrecen una amortiguaci\u00f3n excepcional gracias a la unidad Max Air. Su dise\u00f1o con parte superior de cuero y malla garantiza soporte y flexibilidad, mientras que la suela exterior con relieve asegura un agarre \u00f3ptimo. Perfectas para j\u00f3venes apasionados por las sneakers, estas Air Max no solo son un cl\u00e1sico, sino una inversi\u00f3n en estilo y confort&#8230; \u00a1No dejes pasar la oportunidad de tenerlas en tu colecci\u00f3n!<\/p>\n","protected":false},"excerpt":{"rendered":"<p>Descubre las ic\u00f3nicas Nike Air Max 90 x Off-white BLACK, una fusi\u00f3n perfecta de estilo y comodidad. Lanzadas&hellip;<\/p>\n","protected":false},"featured_media":4023,"template":"","meta":[],"product_cat":[53,60,476],"product_tag":[477],"class_list":{"0":"post-4028","1":"product","2":"type-product","3":"status-publish","4":"has-post-thumbnail","6":"product_cat-calzado","7":"product_cat-nike","8":"product_cat-nike-air-max-90","9":"product_tag-air-max-90-x-off-white-black","11":"first","12":"instock","13":"sale","14":"shipping-taxable","15":"purchasable","16":"product-type-variable"},"_links":{"self":[{"href":"https:\/\/streetkicksco.com\/de\/wp-json\/wp\/v2\/product\/4028","targetHints":{"allow":["GET"]}}],"collection":[{"href":"https:\/\/streetkicksco.com\/de\/wp-json\/wp\/v2\/product"}],"about":[{"href":"https:\/\/streetkicksco.com\/de\/wp-json\/wp\/v2\/types\/product"}],"version-history":[{"count":0,"href":"https:\/\/streetkicksco.com\/de\/wp-json\/wp\/v2\/product\/4028\/revisions"}],"wp:featuredmedia":[{"embeddable":true,"href":"https:\/\/streetkicksco.com\/de\/wp-json\/wp\/v2\/media\/4023"}],"wp:attachment":[{"href":"https:\/\/streetkicksco.com\/de\/wp-json\/wp\/v2\/media?parent=4028"}],"wp:term":[{"taxonomy":"product_cat","embeddable":true,"href":"https:\/\/streetkicksco.com\/de\/wp-json\/wp\/v2\/product_cat?post=4028"},{"taxonomy":"product_tag","embeddable":true,"href":"https:\/\/streetkicksco.com\/de\/wp-json\/wp\/v2\/product_tag?post=4028"}],"curies":[{"name":"wp","href":"https:\/\/api.w.org\/{rel}","templated":true}]}}