{"id":4064,"date":"2025-02-23T09:45:37","date_gmt":"2025-02-23T09:45:37","guid":{"rendered":"https:\/\/streetkicksco.com\/producto\/yeezy-350-v2-black-red\/"},"modified":"2026-03-27T07:47:37","modified_gmt":"2026-03-27T06:47:37","slug":"yeezy-350-v2-black-red","status":"publish","type":"product","link":"https:\/\/streetkicksco.com\/de\/shop\/yeezy-350-v2-black-red\/","title":{"rendered":"Yeezy 350 v2 BLACK RED"},"content":{"rendered":"<p>Descubre las Yeezy 350 v2 BLACK RED, ideales para llevar tu carrera al siguiente nivel. Con su parte superior de adidas Primeknit, se ajustan a tu pie como un guante, promoviendo el movimiento natural. Su tecnolog\u00eda Boost te devuelve la energ\u00eda que inviertes, brindando un impulso sin igual. Ventilaci\u00f3n estrat\u00e9gica, amortiguaci\u00f3n din\u00e1mica, y una suela flexible que asegura transiciones suaves. \u00bfListo para experimentar comodidad y estilo en cada paso? No te quedes atr\u00e1s&#8230; adquiere las tuyas y siente la diferencia. Las Yeezy 350 v2 BLACK RED te esperan. \u00a1Corre hacia ellas!<\/p>\n","protected":false},"excerpt":{"rendered":"<p>Descubre las Yeezy 350 v2 BLACK RED, ideales para llevar tu carrera al siguiente nivel. Con su parte&hellip;<\/p>\n","protected":false},"featured_media":4060,"template":"","meta":[],"product_cat":[35,466,53],"product_tag":[],"class_list":{"0":"post-4064","1":"product","2":"type-product","3":"status-publish","4":"has-post-thumbnail","6":"product_cat-adidas","7":"product_cat-adidas-yeezy-350-350-v2","8":"product_cat-calzado","10":"first","11":"instock","12":"sale","13":"shipping-taxable","14":"purchasable","15":"product-type-variable"},"_links":{"self":[{"href":"https:\/\/streetkicksco.com\/de\/wp-json\/wp\/v2\/product\/4064","targetHints":{"allow":["GET"]}}],"collection":[{"href":"https:\/\/streetkicksco.com\/de\/wp-json\/wp\/v2\/product"}],"about":[{"href":"https:\/\/streetkicksco.com\/de\/wp-json\/wp\/v2\/types\/product"}],"version-history":[{"count":0,"href":"https:\/\/streetkicksco.com\/de\/wp-json\/wp\/v2\/product\/4064\/revisions"}],"wp:featuredmedia":[{"embeddable":true,"href":"https:\/\/streetkicksco.com\/de\/wp-json\/wp\/v2\/media\/4060"}],"wp:attachment":[{"href":"https:\/\/streetkicksco.com\/de\/wp-json\/wp\/v2\/media?parent=4064"}],"wp:term":[{"taxonomy":"product_cat","embeddable":true,"href":"https:\/\/streetkicksco.com\/de\/wp-json\/wp\/v2\/product_cat?post=4064"},{"taxonomy":"product_tag","embeddable":true,"href":"https:\/\/streetkicksco.com\/de\/wp-json\/wp\/v2\/product_tag?post=4064"}],"curies":[{"name":"wp","href":"https:\/\/api.w.org\/{rel}","templated":true}]}}