{"id":4940,"date":"2025-03-05T09:13:41","date_gmt":"2025-03-05T09:13:41","guid":{"rendered":"https:\/\/streetkicksco.com\/producto\/adidas-gazelle-indoor-wmns-sandy-pink-gum\/"},"modified":"2026-03-11T15:28:05","modified_gmt":"2026-03-11T14:28:05","slug":"adidas-gazelle-indoor-wmns-sandy-pink-gum","status":"publish","type":"product","link":"https:\/\/streetkicksco.com\/de\/shop\/adidas-gazelle-indoor-wmns-sandy-pink-gum\/","title":{"rendered":"adidas Gazelle Indoor WMNS &#8218;Sandy Pink Gum&#8216;"},"content":{"rendered":"<p>\u00a1La \u00e1gil Gazelle de adidas en su elegante versi\u00f3n Indoor! Esto significa que el dise\u00f1o minimalista de los 60 de estas zapatillas de entrenamiento se encuentra con una construcci\u00f3n de suela perfecta para gimnasios, mientras que el resto del aspecto se mantiene intocable. Al fin y al cabo, Coca Cola tampoco cambia su receta cada dos semanas&#8230;<\/p>\n<p>adidas Gazelle Indoor &#8211; Caracter\u00edsticas:<\/p>\n<p>\u2022 Material exterior: suave ante<br \/>\n\u2022 Forro de piel sint\u00e9tica lisa en la zona del tal\u00f3n<br \/>\n\u2022 Plantilla acolchada<br \/>\n\u2022 Construcci\u00f3n de suela flexible con perfil indoor de goma<br \/>\n\u2022 Etiqueta con logo Trefoil de adidas en la leng\u00fceta texturizada<br \/>\n\u2022 Aplicaci\u00f3n de las 3 rayas caracter\u00edsticas en ambos lados<br \/>\n\u2022 Grabado &#8222;Gazelle&#8220; en dorado en el lateral exterior<\/p>\n","protected":false},"excerpt":{"rendered":"<p>\u00a1La \u00e1gil Gazelle de adidas en su elegante versi\u00f3n Indoor! Esto significa que el dise\u00f1o minimalista de los&hellip;<\/p>\n","protected":false},"featured_media":7997,"template":"","meta":[],"product_cat":[35,65,53,37],"product_tag":[496],"class_list":{"0":"post-4940","1":"product","2":"type-product","3":"status-publish","4":"has-post-thumbnail","6":"product_cat-adidas","7":"product_cat-adidas-gazelle","8":"product_cat-calzado","9":"product_cat-accessories","10":"product_tag-adidas-gazelle-indoor-wmns-sandy-pink-gum","12":"first","13":"instock","14":"sale","15":"shipping-taxable","16":"purchasable","17":"product-type-variable"},"_links":{"self":[{"href":"https:\/\/streetkicksco.com\/de\/wp-json\/wp\/v2\/product\/4940","targetHints":{"allow":["GET"]}}],"collection":[{"href":"https:\/\/streetkicksco.com\/de\/wp-json\/wp\/v2\/product"}],"about":[{"href":"https:\/\/streetkicksco.com\/de\/wp-json\/wp\/v2\/types\/product"}],"version-history":[{"count":0,"href":"https:\/\/streetkicksco.com\/de\/wp-json\/wp\/v2\/product\/4940\/revisions"}],"wp:featuredmedia":[{"embeddable":true,"href":"https:\/\/streetkicksco.com\/de\/wp-json\/wp\/v2\/media\/7997"}],"wp:attachment":[{"href":"https:\/\/streetkicksco.com\/de\/wp-json\/wp\/v2\/media?parent=4940"}],"wp:term":[{"taxonomy":"product_cat","embeddable":true,"href":"https:\/\/streetkicksco.com\/de\/wp-json\/wp\/v2\/product_cat?post=4940"},{"taxonomy":"product_tag","embeddable":true,"href":"https:\/\/streetkicksco.com\/de\/wp-json\/wp\/v2\/product_tag?post=4940"}],"curies":[{"name":"wp","href":"https:\/\/api.w.org\/{rel}","templated":true}]}}