{"id":5011,"date":"2025-03-06T00:49:48","date_gmt":"2025-03-06T00:49:48","guid":{"rendered":"https:\/\/streetkicksco.com\/producto\/adidas-originals-womens-gazelle-bold\/"},"modified":"2026-03-11T15:27:58","modified_gmt":"2026-03-11T14:27:58","slug":"adidas-originals-womens-gazelle-bold","status":"publish","type":"product","link":"https:\/\/streetkicksco.com\/de\/shop\/adidas-originals-womens-gazelle-bold\/","title":{"rendered":"adidas Originals Women&#8217;s Gazelle Bold"},"content":{"rendered":"<p>Las zapatillas adidas Gazelle Bold son una versi\u00f3n elevada con plataforma de la silueta tradicional de las Gazelle. La suela de goma apilada crea un giro moderno, convirti\u00e9ndolas en un calzado elegante para tu repertorio. Las Gazelle Bold son unas zapatillas c\u00f3modas perfectas para el uso diario. El material superior est\u00e1 hecho de ante con detalles en piel, mientras que el forro es textil para proporcionar comodidad. Las zapatillas presentan un cierre con cordones y el tradicional y llamativo logotipo de las 3 rayas de adidas, junto con una suela de plataforma.<\/p>\n","protected":false},"excerpt":{"rendered":"<p>Las zapatillas adidas Gazelle Bold son una versi\u00f3n elevada con plataforma de la silueta tradicional de las Gazelle.&hellip;<\/p>\n","protected":false},"featured_media":5034,"template":"","meta":[],"product_cat":[35,65,53,37],"product_tag":[496],"class_list":{"0":"post-5011","1":"product","2":"type-product","3":"status-publish","4":"has-post-thumbnail","6":"product_cat-adidas","7":"product_cat-adidas-gazelle","8":"product_cat-calzado","9":"product_cat-accessories","10":"product_tag-adidas-gazelle-indoor-wmns-sandy-pink-gum","12":"first","13":"instock","14":"sale","15":"shipping-taxable","16":"purchasable","17":"product-type-variable"},"_links":{"self":[{"href":"https:\/\/streetkicksco.com\/de\/wp-json\/wp\/v2\/product\/5011","targetHints":{"allow":["GET"]}}],"collection":[{"href":"https:\/\/streetkicksco.com\/de\/wp-json\/wp\/v2\/product"}],"about":[{"href":"https:\/\/streetkicksco.com\/de\/wp-json\/wp\/v2\/types\/product"}],"version-history":[{"count":0,"href":"https:\/\/streetkicksco.com\/de\/wp-json\/wp\/v2\/product\/5011\/revisions"}],"wp:featuredmedia":[{"embeddable":true,"href":"https:\/\/streetkicksco.com\/de\/wp-json\/wp\/v2\/media\/5034"}],"wp:attachment":[{"href":"https:\/\/streetkicksco.com\/de\/wp-json\/wp\/v2\/media?parent=5011"}],"wp:term":[{"taxonomy":"product_cat","embeddable":true,"href":"https:\/\/streetkicksco.com\/de\/wp-json\/wp\/v2\/product_cat?post=5011"},{"taxonomy":"product_tag","embeddable":true,"href":"https:\/\/streetkicksco.com\/de\/wp-json\/wp\/v2\/product_tag?post=5011"}],"curies":[{"name":"wp","href":"https:\/\/api.w.org\/{rel}","templated":true}]}}