{"id":6791,"date":"2025-04-01T13:40:28","date_gmt":"2025-04-01T11:40:28","guid":{"rendered":"https:\/\/streetkicksco.com\/?post_type=product&#038;p=6791"},"modified":"2026-03-11T15:27:34","modified_gmt":"2026-03-11T14:27:34","slug":"adidas-gazelle-bold-gs-rose-tone-better-scarlet","status":"publish","type":"product","link":"https:\/\/streetkicksco.com\/de\/shop\/adidas-gazelle-bold-gs-rose-tone-better-scarlet\/","title":{"rendered":"adidas Gazelle Bold &#8211; GS &#8211; Rose Tone Better Scarlet"},"content":{"rendered":"<p>[presto_player id=6805]<\/p>\n<p>Las Gazelle cl\u00e1sicas toman una postura audaz.<\/p>\n<p>No se puede hablar de los modelos m\u00e1s ic\u00f3nicos de adidas sin mencionar las Gazelle. Nacidas para las canchas indoor en los 70, estas zapatillas siguen conquistando nuevos fans hasta hoy. Ahora, el estilo que tanto deseas se eleva a nuevas alturas. Con una suela triple, ofrece una nueva perspectiva del dise\u00f1o cl\u00e1sico. Los detalles deportivos permanecen intactos con su suave ante y las caracter\u00edsticas 3 Franjas dentadas. El nombre &#8222;Gazelle&#8220; en dorado metalizado es el sello final de nuestra herencia.<\/p>\n","protected":false},"excerpt":{"rendered":"<p>[presto_player id=6805] Las Gazelle cl\u00e1sicas toman una postura audaz. No se puede hablar de los modelos m\u00e1s ic\u00f3nicos&hellip;<\/p>\n","protected":false},"featured_media":6804,"template":"","meta":[],"product_cat":[35,65,53,37],"product_tag":[792],"class_list":{"0":"post-6791","1":"product","2":"type-product","3":"status-publish","4":"has-post-thumbnail","6":"product_cat-adidas","7":"product_cat-adidas-gazelle","8":"product_cat-calzado","9":"product_cat-accessories","10":"product_tag-adidas-gazelle-bold-gs-rose-tone-better-scarlet","11":"pa_talla-eu-56","12":"pa_talla-eu-39","13":"pa_talla-eu-40","14":"pa_talla-eu-41","15":"pa_talla-eu-42","16":"pa_talla-eu-43","17":"pa_talla-eu-44","18":"pa_talla-eu-45","20":"first","21":"instock","22":"sale","23":"shipping-taxable","24":"purchasable","25":"product-type-variable"},"_links":{"self":[{"href":"https:\/\/streetkicksco.com\/de\/wp-json\/wp\/v2\/product\/6791","targetHints":{"allow":["GET"]}}],"collection":[{"href":"https:\/\/streetkicksco.com\/de\/wp-json\/wp\/v2\/product"}],"about":[{"href":"https:\/\/streetkicksco.com\/de\/wp-json\/wp\/v2\/types\/product"}],"version-history":[{"count":0,"href":"https:\/\/streetkicksco.com\/de\/wp-json\/wp\/v2\/product\/6791\/revisions"}],"wp:featuredmedia":[{"embeddable":true,"href":"https:\/\/streetkicksco.com\/de\/wp-json\/wp\/v2\/media\/6804"}],"wp:attachment":[{"href":"https:\/\/streetkicksco.com\/de\/wp-json\/wp\/v2\/media?parent=6791"}],"wp:term":[{"taxonomy":"product_cat","embeddable":true,"href":"https:\/\/streetkicksco.com\/de\/wp-json\/wp\/v2\/product_cat?post=6791"},{"taxonomy":"product_tag","embeddable":true,"href":"https:\/\/streetkicksco.com\/de\/wp-json\/wp\/v2\/product_tag?post=6791"}],"curies":[{"name":"wp","href":"https:\/\/api.w.org\/{rel}","templated":true}]}}