{"id":9665,"date":"2025-05-20T20:39:23","date_gmt":"2025-05-20T18:39:23","guid":{"rendered":"https:\/\/streetkicksco.com\/?post_type=product&#038;p=9665"},"modified":"2026-03-11T15:27:20","modified_gmt":"2026-03-11T14:27:20","slug":"adidas-samba-og-trainers-silver-metalic-white-white","status":"publish","type":"product","link":"https:\/\/streetkicksco.com\/de\/shop\/adidas-samba-og-trainers-silver-metalic-white-white\/","title":{"rendered":"adidas Samba OG Trainers Silver Metalic White White"},"content":{"rendered":"<p>Desde la cancha hasta ser un esencial del streetwear, la Samba es un \u00edcono de cualquier momento. Manteni\u00e9ndose fiel a su herencia futbol\u00edstica con una suela de goma texturizada. El look cl\u00e1sico de la Samba con un llamativo color plateado.<\/p>\n<ul>\n<li>Material Exterior: Piel<\/li>\n<li>Forro: Textil<\/li>\n<li>Suela: Goma<\/li>\n<li>Cierre: Cordones<\/li>\n<li>Art\u00edculo excluido de todas las promociones.<\/li>\n<\/ul>\n","protected":false},"excerpt":{"rendered":"<p>Desde la cancha hasta ser un esencial del streetwear, la Samba es un \u00edcono de cualquier momento. Manteni\u00e9ndose&hellip;<\/p>\n","protected":false},"featured_media":9679,"template":"","meta":[],"product_cat":[35,49,53],"product_tag":[802],"class_list":{"0":"post-9665","1":"product","2":"type-product","3":"status-publish","4":"has-post-thumbnail","6":"product_cat-adidas","7":"product_cat-adidas-samba","8":"product_cat-calzado","9":"product_tag-adidas-samba-og-trainers-silver-metalic-white-white","10":"pa_talla-eu-39","11":"pa_talla-eu-40","12":"pa_talla-eu-41","13":"pa_talla-eu-42","14":"pa_talla-eu-43","15":"pa_talla-eu-44","16":"pa_talla-eu-45","17":"pa_talla-eu-46","18":"pa_talla-eu-47","20":"first","21":"instock","22":"sale","23":"shipping-taxable","24":"purchasable","25":"product-type-variable"},"_links":{"self":[{"href":"https:\/\/streetkicksco.com\/de\/wp-json\/wp\/v2\/product\/9665","targetHints":{"allow":["GET"]}}],"collection":[{"href":"https:\/\/streetkicksco.com\/de\/wp-json\/wp\/v2\/product"}],"about":[{"href":"https:\/\/streetkicksco.com\/de\/wp-json\/wp\/v2\/types\/product"}],"version-history":[{"count":0,"href":"https:\/\/streetkicksco.com\/de\/wp-json\/wp\/v2\/product\/9665\/revisions"}],"wp:featuredmedia":[{"embeddable":true,"href":"https:\/\/streetkicksco.com\/de\/wp-json\/wp\/v2\/media\/9679"}],"wp:attachment":[{"href":"https:\/\/streetkicksco.com\/de\/wp-json\/wp\/v2\/media?parent=9665"}],"wp:term":[{"taxonomy":"product_cat","embeddable":true,"href":"https:\/\/streetkicksco.com\/de\/wp-json\/wp\/v2\/product_cat?post=9665"},{"taxonomy":"product_tag","embeddable":true,"href":"https:\/\/streetkicksco.com\/de\/wp-json\/wp\/v2\/product_tag?post=9665"}],"curies":[{"name":"wp","href":"https:\/\/api.w.org\/{rel}","templated":true}]}}