{"id":1138,"date":"2025-02-22T21:36:33","date_gmt":"2025-02-22T21:36:33","guid":{"rendered":"https:\/\/streetkicksco.com\/producto\/gazelle-indoor-maroon-almost-yellow-preloved-brown\/"},"modified":"2026-03-11T15:33:50","modified_gmt":"2026-03-11T14:33:50","slug":"gazelle-indoor-maroon-almost-yellow-preloved-brown","status":"publish","type":"product","link":"https:\/\/streetkicksco.com\/fr\/shop\/gazelle-indoor-maroon-almost-yellow-preloved-brown\/","title":{"rendered":"adidas Gazelle Indoor &lsquo;Maroon&rsquo;"},"content":{"rendered":"<p>Las adidas Gazelle Indoor Maroon Almost Yellow capturan los tonos del oto\u00f1o con su dise\u00f1o inspirado en las hojas cambiantes. Mantienen el ic\u00f3nico perfil original, combinando estilo cl\u00e1sico con funcionalidad moderna. Su parte superior de gamuza de perfil bajo y su suela de goma transl\u00facida con amortiguaci\u00f3n de espuma ofrecen comodidad y estilo diario. La paleta mezcla marr\u00f3n chocolate, burdeos y un toque de \u00ab\u00a0casi amarillo\u00a0\u00bb en la puntera y los paneles de los cordones.<\/p>\n","protected":false},"excerpt":{"rendered":"<p>Las adidas Gazelle Indoor Maroon Almost Yellow capturan los tonos del oto\u00f1o con su dise\u00f1o inspirado en las&hellip;<\/p>\n","protected":false},"featured_media":1135,"template":"","meta":[],"product_cat":[35,65,53],"product_tag":[105],"class_list":{"0":"post-1138","1":"product","2":"type-product","3":"status-publish","4":"has-post-thumbnail","6":"product_cat-adidas","7":"product_cat-adidas-gazelle","8":"product_cat-calzado","9":"product_tag-adidas-gazelle-indoor-marron","10":"pa_talla-eu-39","11":"pa_talla-eu-40","12":"pa_talla-eu-41","13":"pa_talla-eu-42","14":"pa_talla-eu-43","15":"pa_talla-eu-44","16":"pa_talla-eu-45","17":"pa_talla-eu-46","18":"pa_talla-eu-47","20":"first","21":"instock","22":"sale","23":"shipping-taxable","24":"purchasable","25":"product-type-variable"},"_links":{"self":[{"href":"https:\/\/streetkicksco.com\/fr\/wp-json\/wp\/v2\/product\/1138","targetHints":{"allow":["GET"]}}],"collection":[{"href":"https:\/\/streetkicksco.com\/fr\/wp-json\/wp\/v2\/product"}],"about":[{"href":"https:\/\/streetkicksco.com\/fr\/wp-json\/wp\/v2\/types\/product"}],"version-history":[{"count":0,"href":"https:\/\/streetkicksco.com\/fr\/wp-json\/wp\/v2\/product\/1138\/revisions"}],"wp:featuredmedia":[{"embeddable":true,"href":"https:\/\/streetkicksco.com\/fr\/wp-json\/wp\/v2\/media\/1135"}],"wp:attachment":[{"href":"https:\/\/streetkicksco.com\/fr\/wp-json\/wp\/v2\/media?parent=1138"}],"wp:term":[{"taxonomy":"product_cat","embeddable":true,"href":"https:\/\/streetkicksco.com\/fr\/wp-json\/wp\/v2\/product_cat?post=1138"},{"taxonomy":"product_tag","embeddable":true,"href":"https:\/\/streetkicksco.com\/fr\/wp-json\/wp\/v2\/product_tag?post=1138"}],"curies":[{"name":"wp","href":"https:\/\/api.w.org\/{rel}","templated":true}]}}