{"id":1464,"date":"2025-02-22T23:21:56","date_gmt":"2025-02-22T23:21:56","guid":{"rendered":"https:\/\/streetkicksco.com\/producto\/samba-cream-leopard\/"},"modified":"2026-03-11T17:44:08","modified_gmt":"2026-03-11T16:44:08","slug":"samba-cream-leopard","status":"publish","type":"product","link":"https:\/\/streetkicksco.com\/fr\/shop\/samba-cream-leopard\/","title":{"rendered":"Samba Cream Leopard"},"content":{"rendered":"<p>Descubre las Sambae Cream Leopard, las sneakers que todo joven trendsetter desea. Con un atrevido estampado de leopardo sobre una elegante base crema, estas zapatillas complementan cualquier look: casual, urbano&#8230; Fabricadas con materiales premium, ofrecen durabilidad y confort inigualables. \u00bfListo para destacar? Haz que cada paso cuente y s\u00e9 el centro de atenci\u00f3n. Compra online ahora y experimenta el estilo \u00fanico de las Sambae Cream Leopard. No te quedes sin ellas&#8230; \u00a1Atr\u00e9vete a ser la envidia de todos!<\/p>\n","protected":false},"excerpt":{"rendered":"<p>Descubre las Sambae Cream Leopard, las sneakers que todo joven trendsetter desea. Con un atrevido estampado de leopardo&hellip;<\/p>\n","protected":false},"featured_media":1462,"template":"","meta":[],"product_cat":[35,49,53],"product_tag":[126],"class_list":{"0":"post-1464","1":"product","2":"type-product","3":"status-publish","4":"has-post-thumbnail","6":"product_cat-adidas","7":"product_cat-adidas-samba","8":"product_cat-calzado","9":"product_tag-sambae-cream-leopard","10":"pa_talla-eu-39","11":"pa_talla-eu-40","12":"pa_talla-eu-41","13":"pa_talla-eu-42","14":"pa_talla-eu-43","15":"pa_talla-eu-44","16":"pa_talla-eu-45","17":"pa_talla-eu-46","18":"pa_talla-eu-47","20":"first","21":"instock","22":"sale","23":"shipping-taxable","24":"purchasable","25":"product-type-variable"},"_links":{"self":[{"href":"https:\/\/streetkicksco.com\/fr\/wp-json\/wp\/v2\/product\/1464","targetHints":{"allow":["GET"]}}],"collection":[{"href":"https:\/\/streetkicksco.com\/fr\/wp-json\/wp\/v2\/product"}],"about":[{"href":"https:\/\/streetkicksco.com\/fr\/wp-json\/wp\/v2\/types\/product"}],"version-history":[{"count":0,"href":"https:\/\/streetkicksco.com\/fr\/wp-json\/wp\/v2\/product\/1464\/revisions"}],"wp:featuredmedia":[{"embeddable":true,"href":"https:\/\/streetkicksco.com\/fr\/wp-json\/wp\/v2\/media\/1462"}],"wp:attachment":[{"href":"https:\/\/streetkicksco.com\/fr\/wp-json\/wp\/v2\/media?parent=1464"}],"wp:term":[{"taxonomy":"product_cat","embeddable":true,"href":"https:\/\/streetkicksco.com\/fr\/wp-json\/wp\/v2\/product_cat?post=1464"},{"taxonomy":"product_tag","embeddable":true,"href":"https:\/\/streetkicksco.com\/fr\/wp-json\/wp\/v2\/product_tag?post=1464"}],"curies":[{"name":"wp","href":"https:\/\/api.w.org\/{rel}","templated":true}]}}