{"id":15469,"date":"2025-08-04T14:06:20","date_gmt":"2025-08-04T12:06:20","guid":{"rendered":"https:\/\/streetkicksco.com\/?post_type=product&#038;p=15469"},"modified":"2026-03-11T15:24:56","modified_gmt":"2026-03-11T14:24:56","slug":"adidas-samba-og-w-wonder-mauve","status":"publish","type":"product","link":"https:\/\/streetkicksco.com\/fr\/shop\/adidas-samba-og-w-wonder-mauve\/","title":{"rendered":"Adidas Samba OG W \u00ab\u00a0Wonder Mauve\u00a0\u00bb"},"content":{"rendered":"<article class=\"text-token-text-primary w-full focus:outline-none scroll-mt-[calc(var(--header-height)+min(200px,max(70px,20svh)))]\" dir=\"auto\" tabindex=\"-1\" data-testid=\"conversation-turn-2\" data-scroll-anchor=\"true\" data-turn=\"assistant\">\n<div class=\"text-base my-auto mx-auto pb-10 [--thread-content-margin:--spacing(4)] @[37rem]:[--thread-content-margin:--spacing(6)] @[72rem]:[--thread-content-margin:--spacing(16)] px-(--thread-content-margin)\">\n<div class=\"[--thread-content-max-width:32rem] @[34rem]:[--thread-content-max-width:40rem] @[64rem]:[--thread-content-max-width:48rem] mx-auto max-w-(--thread-content-max-width) flex-1 group\/turn-messages focus-visible:outline-hidden relative flex w-full min-w-0 flex-col agent-turn\" tabindex=\"-1\">\n<div class=\"flex max-w-full flex-col grow\">\n<div class=\"min-h-8 text-message relative flex w-full flex-col items-end gap-2 text-start break-words whitespace-normal [.text-message+&amp;]:mt-5\" dir=\"auto\" data-message-author-role=\"assistant\" data-message-id=\"ede143a3-8e2d-4982-9d39-25558804dfc9\" data-message-model-slug=\"gpt-4o\">\n<div class=\"flex w-full flex-col gap-1 empty:hidden first:pt-[3px]\">\n<div class=\"markdown prose dark:prose-invert w-full break-words light markdown-new-styling\">\n<p data-start=\"0\" data-end=\"595\" data-is-last-node=\"\" data-is-only-node=\"\">Las adidas Samba OG renuevan su legado con una versi\u00f3n femenina que mantiene la esencia del dise\u00f1o original. M\u00e1s de 70 a\u00f1os despu\u00e9s de su creaci\u00f3n como zapatillas de entrenamiento en interiores, las Samba siguen marcando tendencia en las calles. Esta edici\u00f3n destaca por su parte superior de piel lisa con refuerzos de ante en la puntera, conservando ese look ic\u00f3nico. Las tres bandas decoradas con volantes aportan un toque divertido y original, mientras que la cl\u00e1sica suela de goma garantiza agarre y estabilidad en el d\u00eda a d\u00eda. Un icono atemporal reinterpretado con frescura y mucho estilo.<\/p>\n<\/div>\n<\/div>\n<\/div>\n<\/div>\n<\/div>\n<\/div>\n<\/article>\n","protected":false},"excerpt":{"rendered":"<p>Las adidas Samba OG renuevan su legado con una versi\u00f3n femenina que mantiene la esencia del dise\u00f1o original.&hellip;<\/p>\n","protected":false},"featured_media":15486,"template":"","meta":[],"product_cat":[35,49],"product_tag":[],"class_list":{"0":"post-15469","1":"product","2":"type-product","3":"status-publish","4":"has-post-thumbnail","6":"product_cat-adidas","7":"product_cat-adidas-samba","8":"pa_talla-eu-56","9":"pa_talla-eu-39","10":"pa_talla-eu-40","11":"pa_talla-eu-41","12":"pa_talla-eu-42","13":"pa_talla-eu-43","14":"pa_talla-eu-44","15":"pa_talla-eu-45","16":"pa_talla-eu-46","17":"pa_talla-eu-47","18":"pa_talla-eu-48","20":"first","21":"instock","22":"sale","23":"shipping-taxable","24":"purchasable","25":"product-type-variable"},"_links":{"self":[{"href":"https:\/\/streetkicksco.com\/fr\/wp-json\/wp\/v2\/product\/15469","targetHints":{"allow":["GET"]}}],"collection":[{"href":"https:\/\/streetkicksco.com\/fr\/wp-json\/wp\/v2\/product"}],"about":[{"href":"https:\/\/streetkicksco.com\/fr\/wp-json\/wp\/v2\/types\/product"}],"version-history":[{"count":0,"href":"https:\/\/streetkicksco.com\/fr\/wp-json\/wp\/v2\/product\/15469\/revisions"}],"wp:featuredmedia":[{"embeddable":true,"href":"https:\/\/streetkicksco.com\/fr\/wp-json\/wp\/v2\/media\/15486"}],"wp:attachment":[{"href":"https:\/\/streetkicksco.com\/fr\/wp-json\/wp\/v2\/media?parent=15469"}],"wp:term":[{"taxonomy":"product_cat","embeddable":true,"href":"https:\/\/streetkicksco.com\/fr\/wp-json\/wp\/v2\/product_cat?post=15469"},{"taxonomy":"product_tag","embeddable":true,"href":"https:\/\/streetkicksco.com\/fr\/wp-json\/wp\/v2\/product_tag?post=15469"}],"curies":[{"name":"wp","href":"https:\/\/api.w.org\/{rel}","templated":true}]}}