{"id":15920,"date":"2025-08-12T13:37:36","date_gmt":"2025-08-12T11:37:36","guid":{"rendered":"https:\/\/streetkicksco.com\/?post_type=product&#038;p=15920"},"modified":"2026-03-11T15:24:48","modified_gmt":"2026-03-11T14:24:48","slug":"chuck-taylor-all-star-lift-high-top","status":"publish","type":"product","link":"https:\/\/streetkicksco.com\/fr\/shop\/chuck-taylor-all-star-lift-high-top\/","title":{"rendered":"Chuck Taylor All Star Lift High Top"},"content":{"rendered":"<p>Las Converse All Star nunca pasan de moda. La ic\u00f3nica marca americana ha lanzado m\u00faltiples variantes de esta silueta cl\u00e1sica, como las Run Star Hike y Run Star Motion.<\/p>\n<p>La parte superior de las Chuck Taylor All Star Lift High Top est\u00e1 fabricada en lona, en este modelo de color blanco. En el interior del tobillo destaca el logotipo Converse All Star. El protagonismo de las Lift High Top est\u00e1 en su suela: la mediasuela, extra gruesa y en color blanco, incorpora un borde negro que a\u00f1ade contraste y estilo.<\/p>\n<div class=\"mt-4 h-fit\">\n<div class=\"sticky-box\">\n<div class=\"sticky top-16 z-20 mb-8 bg-white lg:top-20\">\n<div class=\"-mx-4 bg-white px-4 py-2 md:m-0 lg:px-0\">\n<div class=\"flex items-center space-x-2 font-brand text-xl font-semibold leading-none tracking-tight\"><\/div>\n<\/div>\n<\/div>\n<\/div>\n<\/div>\n","protected":false},"excerpt":{"rendered":"<p>Las Converse All Star nunca pasan de moda. La ic\u00f3nica marca americana ha lanzado m\u00faltiples variantes de esta&hellip;<\/p>\n","protected":false},"featured_media":15935,"template":"","meta":[],"product_cat":[423],"product_tag":[1073,1072,424,1079,1074,1078,1077,1076,1080,1081,1075],"class_list":{"0":"post-15920","1":"product","2":"type-product","3":"status-publish","4":"has-post-thumbnail","6":"product_cat-converse","7":"product_tag-chuck-taylor-all-star-lift","8":"product_tag-converse-all-star","9":"product_tag-converse-chuck-taylor-all-star-cx-explore","10":"product_tag-converse-clasicas","11":"product_tag-converse-lift-high-top","12":"product_tag-converse-lona-blanca","13":"product_tag-converse-mujer","14":"product_tag-converse-suela-gruesa","15":"product_tag-sneakers-converse","16":"product_tag-zapatillas-altas-converse","17":"product_tag-zapatillas-converse-blancas","18":"pa_talla-eu-39","19":"pa_talla-eu-40","20":"pa_talla-eu-41","21":"pa_talla-eu-42","22":"pa_talla-eu-43","23":"pa_talla-eu-44","24":"pa_talla-eu-45","25":"pa_talla-eu-46","26":"pa_talla-eu-47","27":"pa_talla-eu-48","29":"first","30":"instock","31":"sale","32":"shipping-taxable","33":"purchasable","34":"product-type-variable"},"_links":{"self":[{"href":"https:\/\/streetkicksco.com\/fr\/wp-json\/wp\/v2\/product\/15920","targetHints":{"allow":["GET"]}}],"collection":[{"href":"https:\/\/streetkicksco.com\/fr\/wp-json\/wp\/v2\/product"}],"about":[{"href":"https:\/\/streetkicksco.com\/fr\/wp-json\/wp\/v2\/types\/product"}],"version-history":[{"count":0,"href":"https:\/\/streetkicksco.com\/fr\/wp-json\/wp\/v2\/product\/15920\/revisions"}],"wp:featuredmedia":[{"embeddable":true,"href":"https:\/\/streetkicksco.com\/fr\/wp-json\/wp\/v2\/media\/15935"}],"wp:attachment":[{"href":"https:\/\/streetkicksco.com\/fr\/wp-json\/wp\/v2\/media?parent=15920"}],"wp:term":[{"taxonomy":"product_cat","embeddable":true,"href":"https:\/\/streetkicksco.com\/fr\/wp-json\/wp\/v2\/product_cat?post=15920"},{"taxonomy":"product_tag","embeddable":true,"href":"https:\/\/streetkicksco.com\/fr\/wp-json\/wp\/v2\/product_tag?post=15920"}],"curies":[{"name":"wp","href":"https:\/\/api.w.org\/{rel}","templated":true}]}}