{"id":16084,"date":"2025-08-15T18:49:50","date_gmt":"2025-08-15T16:49:50","guid":{"rendered":"https:\/\/streetkicksco.com\/?post_type=product&#038;p=16084"},"modified":"2026-03-18T06:19:43","modified_gmt":"2026-03-18T05:19:43","slug":"new-balance-740-zapatillas","status":"publish","type":"product","link":"https:\/\/streetkicksco.com\/fr\/shop\/new-balance-740-zapatillas\/","title":{"rendered":"New Balance 740 zapatillas"},"content":{"rendered":"<p data-rm-block-id=\"block-1\">Este modelo cl\u00e1sico de running, recordado por acompa\u00f1ar kil\u00f3metros y kil\u00f3metros en el d\u00eda a d\u00eda, regresa para conquistar a una nueva generaci\u00f3n de entusiastas. Recupera detalles ic\u00f3nicos de las zapatillas de los 2000, como el empeine de malla transpirable, la entresuela segmentada y una silueta estilizada, combinados con superposiciones angulares y malla bicolor que le dan un car\u00e1cter \u00fanico. Ya sea que la descubras por primera vez o vuelvas a reencontrarte con ella, est\u00e1 lista para convertirse en tu nueva favorita.<\/p>\n","protected":false},"excerpt":{"rendered":"<p>Este modelo cl\u00e1sico de running, recordado por acompa\u00f1ar kil\u00f3metros y kil\u00f3metros en el d\u00eda a d\u00eda, regresa para&hellip;<\/p>\n","protected":false},"featured_media":16102,"template":"","meta":[],"product_cat":[99],"product_tag":[1083],"class_list":{"0":"post-16084","1":"product","2":"type-product","3":"status-publish","4":"has-post-thumbnail","6":"product_cat-new-balance","7":"product_tag-new-balance-740-zapatillas","8":"pa_talla-eu-40","9":"pa_talla-eu-41","10":"pa_talla-eu-39-5-eu-uk-6-5-25-5cm","11":"pa_talla-eu-43","12":"pa_talla-eu-41-5-eu-uk-7-26cm","13":"pa_talla-eu-45","14":"pa_talla-eu-46","15":"pa_talla-eu-47","16":"pa_talla-eu-48","17":"pa_talla-eu-164","19":"first","20":"instock","21":"sale","22":"shipping-taxable","23":"purchasable","24":"product-type-variable"},"_links":{"self":[{"href":"https:\/\/streetkicksco.com\/fr\/wp-json\/wp\/v2\/product\/16084","targetHints":{"allow":["GET"]}}],"collection":[{"href":"https:\/\/streetkicksco.com\/fr\/wp-json\/wp\/v2\/product"}],"about":[{"href":"https:\/\/streetkicksco.com\/fr\/wp-json\/wp\/v2\/types\/product"}],"version-history":[{"count":0,"href":"https:\/\/streetkicksco.com\/fr\/wp-json\/wp\/v2\/product\/16084\/revisions"}],"wp:featuredmedia":[{"embeddable":true,"href":"https:\/\/streetkicksco.com\/fr\/wp-json\/wp\/v2\/media\/16102"}],"wp:attachment":[{"href":"https:\/\/streetkicksco.com\/fr\/wp-json\/wp\/v2\/media?parent=16084"}],"wp:term":[{"taxonomy":"product_cat","embeddable":true,"href":"https:\/\/streetkicksco.com\/fr\/wp-json\/wp\/v2\/product_cat?post=16084"},{"taxonomy":"product_tag","embeddable":true,"href":"https:\/\/streetkicksco.com\/fr\/wp-json\/wp\/v2\/product_tag?post=16084"}],"curies":[{"name":"wp","href":"https:\/\/api.w.org\/{rel}","templated":true}]}}