{"id":16150,"date":"2025-08-16T04:26:27","date_gmt":"2025-08-16T02:26:27","guid":{"rendered":"https:\/\/streetkicksco.com\/?post_type=product&#038;p=16150"},"modified":"2026-03-11T17:43:30","modified_gmt":"2026-03-11T16:43:30","slug":"air-jordan-4-retro-og-rare-air","status":"publish","type":"product","link":"https:\/\/streetkicksco.com\/fr\/shop\/air-jordan-4-retro-og-rare-air\/","title":{"rendered":"Air Jordan 4 Retro OG \u00ab\u00a0Rare Air\u00a0\u00bb"},"content":{"rendered":"<p>La Air Jordan 4 Retro OG \u201cIndustrial Blue\u201d trae de vuelta la esencia innovadora de los cl\u00e1sicos de Jordan, reinterpretando los archivos de dise\u00f1o que marcaron tendencia en los 80. Este lanzamiento fusiona historia y modernidad en una silueta inconfundible que sigue marcando el ritmo dentro y fuera de la cancha.<\/p>\n<p>El par luce una base en blanco premium con superposiciones en piel negra y detalles en azul industrial, un gui\u00f1o directo a los prototipos originales que nunca llegaron al mercado masivo. Los ojales de TPU, la suela de goma bicolor y el ic\u00f3nico \u201cNIKE AIR\u201d en el tal\u00f3n completan una est\u00e9tica que equilibra lo retro y lo contempor\u00e1neo.<\/p>\n<p>G\u00e9nero: Hombre<br \/>\nModelo: Jordan 4<br \/>\nEstilo: Baloncesto<br \/>\nAltura: Low<br \/>\nColor: Blanco \/ Negro \/ Azul<br \/>\nMateriales: Piel y Goma<\/p>\n","protected":false},"excerpt":{"rendered":"<p>La Air Jordan 4 Retro OG \u201cIndustrial Blue\u201d trae de vuelta la esencia innovadora de los cl\u00e1sicos de&hellip;<\/p>\n","protected":false},"featured_media":16151,"template":"","meta":[],"product_cat":[92,60],"product_tag":[],"class_list":{"0":"post-16150","1":"product","2":"type-product","3":"status-publish","4":"has-post-thumbnail","6":"product_cat-air-jordan-4","7":"product_cat-nike","8":"pa_talla-eu-56","9":"pa_talla-eu-39","10":"pa_talla-eu-40","11":"pa_talla-eu-41","12":"pa_talla-eu-42","13":"pa_talla-eu-43","14":"pa_talla-eu-44","15":"pa_talla-eu-45","16":"pa_talla-eu-46","17":"pa_talla-eu-47","18":"pa_talla-eu-48","19":"pa_talla-eu-164","21":"first","22":"instock","23":"sale","24":"shipping-taxable","25":"purchasable","26":"product-type-variable"},"_links":{"self":[{"href":"https:\/\/streetkicksco.com\/fr\/wp-json\/wp\/v2\/product\/16150","targetHints":{"allow":["GET"]}}],"collection":[{"href":"https:\/\/streetkicksco.com\/fr\/wp-json\/wp\/v2\/product"}],"about":[{"href":"https:\/\/streetkicksco.com\/fr\/wp-json\/wp\/v2\/types\/product"}],"version-history":[{"count":0,"href":"https:\/\/streetkicksco.com\/fr\/wp-json\/wp\/v2\/product\/16150\/revisions"}],"wp:featuredmedia":[{"embeddable":true,"href":"https:\/\/streetkicksco.com\/fr\/wp-json\/wp\/v2\/media\/16151"}],"wp:attachment":[{"href":"https:\/\/streetkicksco.com\/fr\/wp-json\/wp\/v2\/media?parent=16150"}],"wp:term":[{"taxonomy":"product_cat","embeddable":true,"href":"https:\/\/streetkicksco.com\/fr\/wp-json\/wp\/v2\/product_cat?post=16150"},{"taxonomy":"product_tag","embeddable":true,"href":"https:\/\/streetkicksco.com\/fr\/wp-json\/wp\/v2\/product_tag?post=16150"}],"curies":[{"name":"wp","href":"https:\/\/api.w.org\/{rel}","templated":true}]}}