{"id":16710,"date":"2025-08-18T02:32:28","date_gmt":"2025-08-18T00:32:28","guid":{"rendered":"https:\/\/streetkicksco.com\/?post_type=product&#038;p=16710"},"modified":"2026-03-11T15:24:28","modified_gmt":"2026-03-11T14:24:28","slug":"samba-ruffle-stripes-pack-clear-sky-2","status":"publish","type":"product","link":"https:\/\/streetkicksco.com\/fr\/shop\/samba-ruffle-stripes-pack-clear-sky-2\/","title":{"rendered":"Samba &lsquo;Ruffle Stripes Pack Clear Sky&rsquo;"},"content":{"rendered":"<p data-rm-block-id=\"block-1\">Las ic\u00f3nicas Samba con 3 bandas fruncidas.<\/p>\n<p data-rm-block-id=\"block-2\">Lejos quedaron los d\u00edas en que las adidas Samba eran solo unas zapatillas de entrenamiento indoor. M\u00e1s de 70 a\u00f1os despu\u00e9s, su legado sigue creciendo. Este modelo aporta un giro fresco y femenino al cl\u00e1sico dise\u00f1o. La parte superior de piel suave y la puntera reforzada en ante conservan el look atemporal que las ha convertido en un icono del street style durante d\u00e9cadas. Las 3 bandas fruncidas a\u00f1aden un toque divertido, mientras que la suela de goma asegura comodidad y agarre en cada paso.<\/p>\n<p data-rm-block-id=\"block-3\">Detalles:<\/p>\n<p data-rm-block-id=\"block-4\">Ajuste regular<\/p>\n<p data-rm-block-id=\"block-5\">Cierre de cordones<\/p>\n<p data-rm-block-id=\"block-6\">Parte superior de piel<\/p>\n<p data-rm-block-id=\"block-7\">Forro sint\u00e9tico<\/p>\n<p data-rm-block-id=\"block-8\">Suela de goma<\/p>\n","protected":false},"excerpt":{"rendered":"<p>Las ic\u00f3nicas Samba con 3 bandas fruncidas. Lejos quedaron los d\u00edas en que las adidas Samba eran solo&hellip;<\/p>\n","protected":false},"featured_media":16415,"template":"","meta":[],"product_cat":[35,49],"product_tag":[],"class_list":{"0":"post-16710","1":"product","2":"type-product","3":"status-publish","4":"has-post-thumbnail","6":"product_cat-adidas","7":"product_cat-adidas-samba","9":"first","10":"instock","11":"sale","12":"shipping-taxable","13":"purchasable","14":"product-type-variable"},"_links":{"self":[{"href":"https:\/\/streetkicksco.com\/fr\/wp-json\/wp\/v2\/product\/16710","targetHints":{"allow":["GET"]}}],"collection":[{"href":"https:\/\/streetkicksco.com\/fr\/wp-json\/wp\/v2\/product"}],"about":[{"href":"https:\/\/streetkicksco.com\/fr\/wp-json\/wp\/v2\/types\/product"}],"version-history":[{"count":0,"href":"https:\/\/streetkicksco.com\/fr\/wp-json\/wp\/v2\/product\/16710\/revisions"}],"wp:featuredmedia":[{"embeddable":true,"href":"https:\/\/streetkicksco.com\/fr\/wp-json\/wp\/v2\/media\/16415"}],"wp:attachment":[{"href":"https:\/\/streetkicksco.com\/fr\/wp-json\/wp\/v2\/media?parent=16710"}],"wp:term":[{"taxonomy":"product_cat","embeddable":true,"href":"https:\/\/streetkicksco.com\/fr\/wp-json\/wp\/v2\/product_cat?post=16710"},{"taxonomy":"product_tag","embeddable":true,"href":"https:\/\/streetkicksco.com\/fr\/wp-json\/wp\/v2\/product_tag?post=16710"}],"curies":[{"name":"wp","href":"https:\/\/api.w.org\/{rel}","templated":true}]}}