{"id":2010,"date":"2025-02-22T23:32:51","date_gmt":"2025-02-22T23:32:51","guid":{"rendered":"https:\/\/streetkicksco.com\/producto\/adidas-samba-og-night-navy-cream-white-gum\/"},"modified":"2026-03-11T17:44:02","modified_gmt":"2026-03-11T16:44:02","slug":"adidas-samba-og-night-navy-cream-white-gum","status":"publish","type":"product","link":"https:\/\/streetkicksco.com\/fr\/shop\/adidas-samba-og-night-navy-cream-white-gum\/","title":{"rendered":"ADIDAS SAMBA OG NIGHT NAVY CREAM WHITE GUM"},"content":{"rendered":"<p>Descubre las Puma Calle Retro en Noche Azul Marino y Blanco Crema. Inspiradas en el ic\u00f3nico estilo de las ADIDAS SAMBA OG NIGHT NAVY CREAM WHITE GUM, estas sneakers combinan cuero premium y gamuza. Detalles como el logo \u00ab\u00a0Calle\u00a0\u00bb dorado y franjas blancas en el tal\u00f3n las hacen irresistibles. Potencia tu estilo&#8230; Marca la diferencia&#8230; Atr\u00e9vete a ser \u00fanico. Perfectas para los amantes de las sneakers, estas Puma Calle OG son el complemento ideal para tu colecci\u00f3n. No te quedes atr\u00e1s&#8230; Compra ahora y destaca con cada paso. \u00a1Hazlas tuyas y lleva tu pasi\u00f3n al siguiente nivel!<\/p>\n","protected":false},"excerpt":{"rendered":"<p>Descubre las Puma Calle Retro en Noche Azul Marino y Blanco Crema. Inspiradas en el ic\u00f3nico estilo de&hellip;<\/p>\n","protected":false},"featured_media":2007,"template":"","meta":[],"product_cat":[35,49,53],"product_tag":[],"class_list":{"0":"post-2010","1":"product","2":"type-product","3":"status-publish","4":"has-post-thumbnail","6":"product_cat-adidas","7":"product_cat-adidas-samba","8":"product_cat-calzado","9":"pa_talla-eu-39","10":"pa_talla-eu-40","11":"pa_talla-eu-41","12":"pa_talla-eu-42","13":"pa_talla-eu-43","14":"pa_talla-eu-44","15":"pa_talla-eu-45","16":"pa_talla-eu-46","17":"pa_talla-eu-47","19":"first","20":"instock","21":"sale","22":"shipping-taxable","23":"purchasable","24":"product-type-variable"},"_links":{"self":[{"href":"https:\/\/streetkicksco.com\/fr\/wp-json\/wp\/v2\/product\/2010","targetHints":{"allow":["GET"]}}],"collection":[{"href":"https:\/\/streetkicksco.com\/fr\/wp-json\/wp\/v2\/product"}],"about":[{"href":"https:\/\/streetkicksco.com\/fr\/wp-json\/wp\/v2\/types\/product"}],"version-history":[{"count":0,"href":"https:\/\/streetkicksco.com\/fr\/wp-json\/wp\/v2\/product\/2010\/revisions"}],"wp:featuredmedia":[{"embeddable":true,"href":"https:\/\/streetkicksco.com\/fr\/wp-json\/wp\/v2\/media\/2007"}],"wp:attachment":[{"href":"https:\/\/streetkicksco.com\/fr\/wp-json\/wp\/v2\/media?parent=2010"}],"wp:term":[{"taxonomy":"product_cat","embeddable":true,"href":"https:\/\/streetkicksco.com\/fr\/wp-json\/wp\/v2\/product_cat?post=2010"},{"taxonomy":"product_tag","embeddable":true,"href":"https:\/\/streetkicksco.com\/fr\/wp-json\/wp\/v2\/product_tag?post=2010"}],"curies":[{"name":"wp","href":"https:\/\/api.w.org\/{rel}","templated":true}]}}