{"id":22500,"date":"2025-11-25T14:12:29","date_gmt":"2025-11-25T13:12:29","guid":{"rendered":"https:\/\/streetkicksco.com\/?post_type=product&#038;p=22500"},"modified":"2026-03-11T14:27:45","modified_gmt":"2026-03-11T13:27:45","slug":"super-star-golden-goose","status":"publish","type":"product","link":"https:\/\/streetkicksco.com\/fr\/shop\/super-star-golden-goose\/","title":{"rendered":"Super-Star Golden Goose"},"content":{"rendered":"<div class=\"mx-auto h-fit pb-0\">\n<div class=\"relative border-subtlest ring-subtlest divide-subtlest bg-base\">\n<div class=\"erp-sidecar:min-h-[var(--sidecar-content-height)] erp-mobile-sidecar:min-h-[var(--mobile-sidecar-content-height)] min-h-[var(--page-content-height)]\">\n<div class=\"pt-[var(--thread-visual-spacing)] md:pt-lg pb-[var(--thread-visual-spacing)] md:pb-lg px-[var(--thread-visual-spacing)] border-subtlest ring-subtlest divide-subtlest bg-transparent\">\n<div class=\"isolate mx-auto max-w-threadContentWidth\">\n<div class=\"mx-auto max-w-threadContentWidth\">\n<div class=\"relative\">\n<div class=\"gap-y-md flex flex-col mt-md\">\n<div class=\"gap-y-lg flex flex-col first:mt-0\">\n<div class=\"border-subtlest ring-subtlest divide-subtlest bg-transparent\">\n<div class=\"gap-y-md flex flex-col\">\n<div class=\"relative font-sans text-base text-foreground selection:bg-super\/50 selection:text-foreground dark:selection:bg-super\/10 dark:selection:text-super\">\n<div class=\"min-w-0 break-words [word-break:break-word]\">\n<div id=\"markdown-content-2\" class=\"gap-y-md after:clear-both after:block after:content-['']\" dir=\"auto\">\n<div class=\"my-2 first:mt-0 [&amp;:has([data-inline-type=image])+&amp;:has([data-inline-type=image])_[data-inline-type=image]]:hidden [&amp;:has(table)_[data-inline-type=image]]:hidden\">\n<div class=\"relative\">\n<div class=\"prose dark:prose-invert inline leading-relaxed break-words min-w-0 [word-break:break-word] prose-strong:font-medium [&amp;_&gt;*:first-child]:mt-0\">\n<div>\n<div>\n<div class=\"\">\n<div class=\"pt-[var(--thread-visual-spacing)] md:pt-lg pb-[var(--thread-visual-spacing)] md:pb-lg px-[var(--thread-visual-spacing)] border-subtlest ring-subtlest divide-subtlest bg-transparent\">\n<div class=\"isolate mx-auto max-w-threadContentWidth\">\n<div class=\"mx-auto max-w-threadContentWidth\">\n<div class=\"relative\">\n<div class=\"gap-y-md flex flex-col mt-md\">\n<div class=\"gap-y-lg flex flex-col first:mt-0\">\n<div class=\"border-subtlest ring-subtlest divide-subtlest bg-transparent\">\n<div class=\"gap-y-md flex flex-col\">\n<div class=\"relative font-sans text-base text-foreground selection:bg-super\/50 selection:text-foreground dark:selection:bg-super\/10 dark:selection:text-super\">\n<div class=\"min-w-0 break-words [word-break:break-word]\">\n<div id=\"markdown-content-1\" class=\"gap-y-md after:clear-both after:block after:content-['']\" dir=\"auto\">\n<div class=\"relative\">\n<div class=\"prose dark:prose-invert inline leading-relaxed break-words min-w-0 [word-break:break-word] prose-strong:font-medium [&amp;_&gt;*:first-child]:mt-0\">\n<p class=\"my-2 [&amp;+p]:mt-4 [&amp;_strong:has(+br)]:inline-block [&amp;_strong:has(+br)]:pb-2\">Descubre las zapatillas Super-Star de Golden Goose, una combinaci\u00f3n \u00fanica de estilo y artesan\u00eda italiana. Este modelo para hombre presenta una pala de piel blanca de alta calidad, resaltada con una distintiva estrella de ante rojo y refuerzo del tal\u00f3n en piel verde oscuro. Acabadas con detalles vintage, cordones grises y aplicaciones traseras en ante gris hielo, estas sneakers ofrecen un dise\u00f1o exclusivo y materiales premium. Perfectas para quienes buscan destacar con un toque de elegancia urbana. Disponible en varias tallas y con env\u00edo r\u00e1pido y seguro.<\/p>\n<\/div>\n<\/div>\n<\/div>\n<\/div>\n<\/div>\n<\/div>\n<\/div>\n<\/div>\n<\/div>\n<\/div>\n<\/div>\n<\/div>\n<\/div>\n<\/div>\n<\/div>\n<\/div>\n<\/div>\n<\/div>\n<\/div>\n<\/div>\n<\/div>\n<\/div>\n<\/div>\n<\/div>\n<\/div>\n<\/div>\n<\/div>\n<\/div>\n<\/div>\n<\/div>\n<\/div>\n<\/div>\n<\/div>\n","protected":false},"excerpt":{"rendered":"<p>Descubre las zapatillas Super-Star de Golden Goose, una combinaci\u00f3n \u00fanica de estilo y artesan\u00eda italiana. Este modelo para&hellip;<\/p>\n","protected":false},"featured_media":22514,"template":"","meta":[],"product_cat":[1202],"product_tag":[],"class_list":{"0":"post-22500","1":"product","2":"type-product","3":"status-publish","4":"has-post-thumbnail","6":"product_cat-golden-goose","7":"pa_talla-eu-56","8":"pa_talla-eu-39","9":"pa_talla-eu-40","10":"pa_talla-eu-41","11":"pa_talla-eu-42","12":"pa_talla-eu-43","13":"pa_talla-eu-44","14":"pa_talla-eu-45","15":"pa_talla-eu-46","16":"pa_talla-eu-47","18":"first","19":"instock","20":"shipping-taxable","21":"purchasable","22":"product-type-variable"},"_links":{"self":[{"href":"https:\/\/streetkicksco.com\/fr\/wp-json\/wp\/v2\/product\/22500","targetHints":{"allow":["GET"]}}],"collection":[{"href":"https:\/\/streetkicksco.com\/fr\/wp-json\/wp\/v2\/product"}],"about":[{"href":"https:\/\/streetkicksco.com\/fr\/wp-json\/wp\/v2\/types\/product"}],"version-history":[{"count":0,"href":"https:\/\/streetkicksco.com\/fr\/wp-json\/wp\/v2\/product\/22500\/revisions"}],"wp:featuredmedia":[{"embeddable":true,"href":"https:\/\/streetkicksco.com\/fr\/wp-json\/wp\/v2\/media\/22514"}],"wp:attachment":[{"href":"https:\/\/streetkicksco.com\/fr\/wp-json\/wp\/v2\/media?parent=22500"}],"wp:term":[{"taxonomy":"product_cat","embeddable":true,"href":"https:\/\/streetkicksco.com\/fr\/wp-json\/wp\/v2\/product_cat?post=22500"},{"taxonomy":"product_tag","embeddable":true,"href":"https:\/\/streetkicksco.com\/fr\/wp-json\/wp\/v2\/product_tag?post=22500"}],"curies":[{"name":"wp","href":"https:\/\/api.w.org\/{rel}","templated":true}]}}