{"id":23215,"date":"2025-12-03T18:12:52","date_gmt":"2025-12-03T17:12:52","guid":{"rendered":"https:\/\/streetkicksco.com\/?post_type=product&#038;p=23215"},"modified":"2026-03-11T15:03:39","modified_gmt":"2026-03-11T14:03:39","slug":"ugg-w-classic-mini-dipper-chestnut","status":"publish","type":"product","link":"https:\/\/streetkicksco.com\/fr\/shop\/ugg-w-classic-mini-dipper-chestnut\/","title":{"rendered":"UGG W Classic Mini Dipper Chestnut"},"content":{"rendered":"<p>Las botas **Classic Mini Dipper** para mujer de la marca **UGG** son un s\u00edmbolo de estilo y comodidad.<\/p>\n<p>Un modelo con una ca\u00f1a m\u00e1s alta que el modelo original de la marca australiana, la **Classic Mini Dipper** ha recibido ahora un tratamiento hidr\u00f3fugo que la hace resistente a las manchas y al agua. Su ca\u00f1a alta y la polaina integrada hacen que sea impermeable y ofrezca apoyo en todo momento.<\/p>\n<p>El forro y la plantilla son de piel de oveja, mientras que la suela es de EVA Sugarcane para una perfecta amortiguaci\u00f3n, agarre y resistencia a la abrasi\u00f3n.<\/p>\n<p>**Caracter\u00edsticas principales:**<br \/>\n&#8211; Tratamiento hidr\u00f3fugo resistente al agua y las manchas<br \/>\n&#8211; Etiqueta de gamuza en el tal\u00f3n con el logo de UGG\u00ae<br \/>\n&#8211; Plataforma de 5 cm para mayor altura y estilo<br \/>\n&#8211; Forro caliente de piel de oveja<br \/>\n&#8211; Polaina integrada de neopreno<\/p>\n<p>**Composici\u00f3n:**<br \/>\n&#8211; Cuerpo: Gamuza de neopreno<br \/>\n&#8211; Forro: 60% lana reciclada, 40% Lyocell<br \/>\n&#8211; Plantilla: 60% lana reciclada, 40% Lyocell<br \/>\n&#8211; Suela: EVA Sugarcane<\/p>\n<p>Colecci\u00f3n UGG &#8211; Oto\u00f1o-Invierno 2024\/2025<\/p>\n","protected":false},"excerpt":{"rendered":"<p>Las botas Classic Mini Dipper para mujer de UGG combinan estilo ic\u00f3nico con funcionalidad moderna. Perfectas para el oto\u00f1o-invierno.<\/p>\n","protected":false},"featured_media":23227,"template":"","meta":[],"product_cat":[149],"product_tag":[1207,1205,1208,1206],"class_list":{"0":"post-23215","1":"product","2":"type-product","3":"status-publish","4":"has-post-thumbnail","6":"product_cat-ugg","7":"product_tag-botas-de-mujer","8":"product_tag-calzado-2","9":"product_tag-shop","10":"product_tag-ugg","11":"product_shipping_class-ugg-classic-mini-dipper-botas-plataforma-calzado-invierno","12":"pa_talla-eu-39","13":"pa_talla-eu-40","14":"pa_talla-eu-41","15":"pa_talla-eu-42","16":"pa_talla-eu-43","17":"pa_talla-eu-44","19":"first","20":"instock","21":"shipping-taxable","22":"purchasable","23":"product-type-variable"},"_links":{"self":[{"href":"https:\/\/streetkicksco.com\/fr\/wp-json\/wp\/v2\/product\/23215","targetHints":{"allow":["GET"]}}],"collection":[{"href":"https:\/\/streetkicksco.com\/fr\/wp-json\/wp\/v2\/product"}],"about":[{"href":"https:\/\/streetkicksco.com\/fr\/wp-json\/wp\/v2\/types\/product"}],"version-history":[{"count":0,"href":"https:\/\/streetkicksco.com\/fr\/wp-json\/wp\/v2\/product\/23215\/revisions"}],"wp:featuredmedia":[{"embeddable":true,"href":"https:\/\/streetkicksco.com\/fr\/wp-json\/wp\/v2\/media\/23227"}],"wp:attachment":[{"href":"https:\/\/streetkicksco.com\/fr\/wp-json\/wp\/v2\/media?parent=23215"}],"wp:term":[{"taxonomy":"product_cat","embeddable":true,"href":"https:\/\/streetkicksco.com\/fr\/wp-json\/wp\/v2\/product_cat?post=23215"},{"taxonomy":"product_tag","embeddable":true,"href":"https:\/\/streetkicksco.com\/fr\/wp-json\/wp\/v2\/product_tag?post=23215"}],"curies":[{"name":"wp","href":"https:\/\/api.w.org\/{rel}","templated":true}]}}