{"id":2736,"date":"2025-02-23T00:26:13","date_gmt":"2025-02-23T00:26:13","guid":{"rendered":"https:\/\/streetkicksco.com\/producto\/nike-dunk-low-pro-sb-fog\/"},"modified":"2026-03-11T15:31:13","modified_gmt":"2026-03-11T14:31:13","slug":"nike-dunk-low-pro-sb-fog","status":"publish","type":"product","link":"https:\/\/streetkicksco.com\/fr\/shop\/nike-dunk-low-pro-sb-fog\/","title":{"rendered":"Nike Dunk Low Pro SB \u2018Fog\u2019"},"content":{"rendered":"<p>Descubre el estilo y la comodidad con las Nike Dunk SB Low Fog. Inspiradas en el ic\u00f3nico modelo de 2005, estas sneakers son perfectas para skaters. Su dise\u00f1o combina una elegante parte superior de gamuza negra con un logo Swoosh de cuero gris y detalles en la leng\u00fceta de malla. Las suelas de goma y el midsole oscuro aseguran durabilidad y agarre. Lanzadas en 2021 con un precio original de $100, estas zapatillas son una joya para cualquier coleccionista o amante de la moda urbana. No te quedes sin ellas&#8230; \u00a1A\u00f1\u00e1delas a tu colecci\u00f3n ahora!<\/p>\n","protected":false},"excerpt":{"rendered":"<p>Descubre el estilo y la comodidad con las Nike Dunk SB Low Fog. Inspiradas en el ic\u00f3nico modelo&hellip;<\/p>\n","protected":false},"featured_media":2730,"template":"","meta":[],"product_cat":[53,60,61,37],"product_tag":[194,205],"class_list":{"0":"post-2736","1":"product","2":"type-product","3":"status-publish","4":"has-post-thumbnail","6":"product_cat-calzado","7":"product_cat-nike","8":"product_cat-dunk-sb","9":"product_cat-accessories","10":"product_tag-nike","11":"product_tag-nike-dunk-low-pro-sb-fog","12":"pa_talla-eu-56","13":"pa_talla-eu-39","14":"pa_talla-eu-40","15":"pa_talla-eu-41","16":"pa_talla-eu-42","17":"pa_talla-eu-43","18":"pa_talla-eu-44","19":"pa_talla-eu-45","20":"pa_talla-eu-46","21":"pa_talla-eu-47","22":"pa_talla-eu-48","24":"first","25":"instock","26":"sale","27":"shipping-taxable","28":"purchasable","29":"product-type-variable"},"_links":{"self":[{"href":"https:\/\/streetkicksco.com\/fr\/wp-json\/wp\/v2\/product\/2736","targetHints":{"allow":["GET"]}}],"collection":[{"href":"https:\/\/streetkicksco.com\/fr\/wp-json\/wp\/v2\/product"}],"about":[{"href":"https:\/\/streetkicksco.com\/fr\/wp-json\/wp\/v2\/types\/product"}],"version-history":[{"count":0,"href":"https:\/\/streetkicksco.com\/fr\/wp-json\/wp\/v2\/product\/2736\/revisions"}],"wp:featuredmedia":[{"embeddable":true,"href":"https:\/\/streetkicksco.com\/fr\/wp-json\/wp\/v2\/media\/2730"}],"wp:attachment":[{"href":"https:\/\/streetkicksco.com\/fr\/wp-json\/wp\/v2\/media?parent=2736"}],"wp:term":[{"taxonomy":"product_cat","embeddable":true,"href":"https:\/\/streetkicksco.com\/fr\/wp-json\/wp\/v2\/product_cat?post=2736"},{"taxonomy":"product_tag","embeddable":true,"href":"https:\/\/streetkicksco.com\/fr\/wp-json\/wp\/v2\/product_tag?post=2736"}],"curies":[{"name":"wp","href":"https:\/\/api.w.org\/{rel}","templated":true}]}}