{"id":27737,"date":"2026-03-03T02:54:24","date_gmt":"2026-03-03T01:54:24","guid":{"rendered":"https:\/\/streetkicksco.com\/shop\/new-balance-9060-outerspace\/"},"modified":"2026-03-18T06:19:19","modified_gmt":"2026-03-18T05:19:19","slug":"new-balance-9060-outerspace","status":"publish","type":"product","link":"https:\/\/streetkicksco.com\/fr\/shop\/new-balance-9060-outerspace\/","title":{"rendered":"New Balance 9060 \u2018Outerspace\u2019"},"content":{"rendered":"<p>Las New Balance 9060 \u2018Outerspace\u2019 destacan por su profundo tono azul marino combinado con la ic\u00f3nica silueta futurista de la serie 9060. Confeccionadas con materiales premium, estas sneakers ofrecen una amortiguaci\u00f3n superior y un estilo inconfundible para el d\u00eda a d\u00eda.<\/p>\n","protected":false},"excerpt":{"rendered":"<p>Las New Balance 9060 \u2018Outerspace\u2019 destacan por su profundo tono azul marino combinado con la ic\u00f3nica silueta futurista&hellip;<\/p>\n","protected":false},"featured_media":27733,"template":"","meta":[],"product_cat":[99,1056],"product_tag":[],"class_list":{"0":"post-27737","1":"product","2":"type-product","3":"status-publish","4":"has-post-thumbnail","6":"product_cat-new-balance","7":"product_cat-new-balance-9060","8":"pa_talla-eu-39","9":"pa_talla-eu-40","10":"pa_talla-eu-41","11":"pa_talla-eu-39-5-eu-uk-6-5-25-5cm","12":"pa_talla-eu-43","13":"pa_talla-eu-41-5-eu-uk-7-26cm","14":"pa_talla-eu-45","15":"pa_talla-eu-46","16":"pa_talla-eu-47","17":"pa_talla-eu-48","19":"first","20":"instock","21":"sale","22":"shipping-taxable","23":"purchasable","24":"product-type-variable"},"_links":{"self":[{"href":"https:\/\/streetkicksco.com\/fr\/wp-json\/wp\/v2\/product\/27737","targetHints":{"allow":["GET"]}}],"collection":[{"href":"https:\/\/streetkicksco.com\/fr\/wp-json\/wp\/v2\/product"}],"about":[{"href":"https:\/\/streetkicksco.com\/fr\/wp-json\/wp\/v2\/types\/product"}],"version-history":[{"count":0,"href":"https:\/\/streetkicksco.com\/fr\/wp-json\/wp\/v2\/product\/27737\/revisions"}],"wp:featuredmedia":[{"embeddable":true,"href":"https:\/\/streetkicksco.com\/fr\/wp-json\/wp\/v2\/media\/27733"}],"wp:attachment":[{"href":"https:\/\/streetkicksco.com\/fr\/wp-json\/wp\/v2\/media?parent=27737"}],"wp:term":[{"taxonomy":"product_cat","embeddable":true,"href":"https:\/\/streetkicksco.com\/fr\/wp-json\/wp\/v2\/product_cat?post=27737"},{"taxonomy":"product_tag","embeddable":true,"href":"https:\/\/streetkicksco.com\/fr\/wp-json\/wp\/v2\/product_tag?post=27737"}],"curies":[{"name":"wp","href":"https:\/\/api.w.org\/{rel}","templated":true}]}}