{"id":29490,"date":"2026-03-21T08:38:51","date_gmt":"2026-03-21T07:38:51","guid":{"rendered":"https:\/\/streetkicksco.com\/?post_type=product&#038;p=29490"},"modified":"2026-03-21T08:59:28","modified_gmt":"2026-03-21T07:59:28","slug":"off-white-out-of-office-low-stormtrooper","status":"publish","type":"product","link":"https:\/\/streetkicksco.com\/fr\/shop\/off-white-out-of-office-low-stormtrooper\/","title":{"rendered":"Off-White Out of Office Low &lsquo;Stormtrooper&rsquo;"},"content":{"rendered":"<p>Las Off-White Out of Office Low &lsquo;Stormtrooper&rsquo; presentan un dise\u00f1o en blanco y negro que rinde homenaje al ic\u00f3nico personaje de Star Wars. Con la silueta cl\u00e1sica Out of Office de Virgil Abloh, estas zapatillas combinan cuero premium con los detalles caracter\u00edsticos de Off-White: las comillas, la flecha diagonal y el zip-tie.<\/p>\n","protected":false},"excerpt":{"rendered":"<p>Off-White Out of Office Low &lsquo;Stormtrooper&rsquo; &#8211; Dise\u00f1o blanco y negro inspirado en Star Wars.<\/p>\n","protected":false},"featured_media":29482,"template":"","meta":[],"product_cat":[1361],"product_tag":[],"class_list":{"0":"post-29490","1":"product","2":"type-product","3":"status-publish","4":"has-post-thumbnail","6":"product_cat-louis-vuitton","8":"first","9":"instock","10":"shipping-taxable","11":"purchasable","12":"product-type-variable"},"_links":{"self":[{"href":"https:\/\/streetkicksco.com\/fr\/wp-json\/wp\/v2\/product\/29490","targetHints":{"allow":["GET"]}}],"collection":[{"href":"https:\/\/streetkicksco.com\/fr\/wp-json\/wp\/v2\/product"}],"about":[{"href":"https:\/\/streetkicksco.com\/fr\/wp-json\/wp\/v2\/types\/product"}],"version-history":[{"count":1,"href":"https:\/\/streetkicksco.com\/fr\/wp-json\/wp\/v2\/product\/29490\/revisions"}],"predecessor-version":[{"id":29501,"href":"https:\/\/streetkicksco.com\/fr\/wp-json\/wp\/v2\/product\/29490\/revisions\/29501"}],"wp:featuredmedia":[{"embeddable":true,"href":"https:\/\/streetkicksco.com\/fr\/wp-json\/wp\/v2\/media\/29482"}],"wp:attachment":[{"href":"https:\/\/streetkicksco.com\/fr\/wp-json\/wp\/v2\/media?parent=29490"}],"wp:term":[{"taxonomy":"product_cat","embeddable":true,"href":"https:\/\/streetkicksco.com\/fr\/wp-json\/wp\/v2\/product_cat?post=29490"},{"taxonomy":"product_tag","embeddable":true,"href":"https:\/\/streetkicksco.com\/fr\/wp-json\/wp\/v2\/product_tag?post=29490"}],"curies":[{"name":"wp","href":"https:\/\/api.w.org\/{rel}","templated":true}]}}