{"id":29529,"date":"2026-03-21T08:44:42","date_gmt":"2026-03-21T07:44:42","guid":{"rendered":"https:\/\/streetkicksco.com\/shop\/off-white-out-of-office-low-white-black\/"},"modified":"2026-03-21T08:59:29","modified_gmt":"2026-03-21T07:59:29","slug":"off-white-out-of-office-low-white-black","status":"publish","type":"product","link":"https:\/\/streetkicksco.com\/fr\/shop\/off-white-out-of-office-low-white-black\/","title":{"rendered":"Off-White Out of Office Low &lsquo;White Black&rsquo;"},"content":{"rendered":"<p>Las Off-White Out of Office Low &lsquo;White Black&rsquo; presentan la combinaci\u00f3n cl\u00e1sica en blanco y negro, con la silueta ic\u00f3nica dise\u00f1ada por Virgil Abloh. Confeccionadas en cuero premium con los detalles signature de Off-White: comillas, flecha diagonal y zip-tie. Un b\u00e1sico atemporal para cualquier outfit.<\/p>\n","protected":false},"excerpt":{"rendered":"<p>Off-White Out of Office Low &lsquo;White Black&rsquo; &#8211; El cl\u00e1sico blanco y negro de Virgil Abloh.<\/p>\n","protected":false},"featured_media":29521,"template":"","meta":[],"product_cat":[1361],"product_tag":[],"class_list":{"0":"post-29529","1":"product","2":"type-product","3":"status-publish","4":"has-post-thumbnail","6":"product_cat-louis-vuitton","8":"first","9":"instock","10":"shipping-taxable","11":"purchasable","12":"product-type-variable"},"_links":{"self":[{"href":"https:\/\/streetkicksco.com\/fr\/wp-json\/wp\/v2\/product\/29529","targetHints":{"allow":["GET"]}}],"collection":[{"href":"https:\/\/streetkicksco.com\/fr\/wp-json\/wp\/v2\/product"}],"about":[{"href":"https:\/\/streetkicksco.com\/fr\/wp-json\/wp\/v2\/types\/product"}],"version-history":[{"count":0,"href":"https:\/\/streetkicksco.com\/fr\/wp-json\/wp\/v2\/product\/29529\/revisions"}],"wp:featuredmedia":[{"embeddable":true,"href":"https:\/\/streetkicksco.com\/fr\/wp-json\/wp\/v2\/media\/29521"}],"wp:attachment":[{"href":"https:\/\/streetkicksco.com\/fr\/wp-json\/wp\/v2\/media?parent=29529"}],"wp:term":[{"taxonomy":"product_cat","embeddable":true,"href":"https:\/\/streetkicksco.com\/fr\/wp-json\/wp\/v2\/product_cat?post=29529"},{"taxonomy":"product_tag","embeddable":true,"href":"https:\/\/streetkicksco.com\/fr\/wp-json\/wp\/v2\/product_tag?post=29529"}],"curies":[{"name":"wp","href":"https:\/\/api.w.org\/{rel}","templated":true}]}}