{"id":3285,"date":"2025-02-23T01:20:08","date_gmt":"2025-02-23T01:20:08","guid":{"rendered":"https:\/\/streetkicksco.com\/producto\/air-jordan-4-military-blue-white-blue\/"},"modified":"2026-03-11T17:43:52","modified_gmt":"2026-03-11T16:43:52","slug":"air-jordan-4-military-blue-white-blue","status":"publish","type":"product","link":"https:\/\/streetkicksco.com\/fr\/shop\/air-jordan-4-military-blue-white-blue\/","title":{"rendered":"Air Jordan 4 Retro Military Blue (2024)"},"content":{"rendered":"<p>\u00a1Descubre los Air Jordan 4 Retro Military Blue (2024)! Este \u00edcono renovado combina cuero premium y malla transpirable. Los detalles en azul militar destacan. Perfectas para sneakerheads, ofrecen comodidad, estilo y exclusividad. Son m\u00e1s que un accesorio\u2026 \u00a1una declaraci\u00f3n de estilo! A\u00f1\u00e1delas a tu colecci\u00f3n y marca tendencia con cada paso. Convi\u00e9rtete en el centro de atenci\u00f3n\u2026 Lleva tus Air Jordan 4 y destaca en cada movimiento. No esperes m\u00e1s\u2026 \u00a1Haz clic y cons\u00edguelas antes de que se agoten! Atr\u00e9vete a ser diferente, \u00fanico, aut\u00e9ntico. Ll\u00e9vate las tuyas ahora y s\u00e9 parte de la \u00e9lite sneakerhead.<\/p>\n","protected":false},"excerpt":{"rendered":"<p>\u00a1Descubre los Air Jordan 4 Retro Military Blue (2024)! Este \u00edcono renovado combina cuero premium y malla transpirable.&hellip;<\/p>\n","protected":false},"featured_media":3282,"template":"","meta":[],"product_cat":[88,92,53,60],"product_tag":[310],"class_list":{"0":"post-3285","1":"product","2":"type-product","3":"status-publish","4":"has-post-thumbnail","6":"product_cat-jordan","7":"product_cat-air-jordan-4","8":"product_cat-calzado","9":"product_cat-nike","10":"product_tag-air-jordan-4-retro-military-blue-2024","11":"pa_talla-eu-39","12":"pa_talla-eu-40","13":"pa_talla-eu-41","14":"pa_talla-eu-42","15":"pa_talla-eu-43","16":"pa_talla-eu-44","17":"pa_talla-eu-45","18":"pa_talla-eu-46","19":"pa_talla-eu-47","20":"pa_talla-eu-48","22":"first","23":"instock","24":"sale","25":"shipping-taxable","26":"purchasable","27":"product-type-variable"},"_links":{"self":[{"href":"https:\/\/streetkicksco.com\/fr\/wp-json\/wp\/v2\/product\/3285","targetHints":{"allow":["GET"]}}],"collection":[{"href":"https:\/\/streetkicksco.com\/fr\/wp-json\/wp\/v2\/product"}],"about":[{"href":"https:\/\/streetkicksco.com\/fr\/wp-json\/wp\/v2\/types\/product"}],"version-history":[{"count":0,"href":"https:\/\/streetkicksco.com\/fr\/wp-json\/wp\/v2\/product\/3285\/revisions"}],"wp:featuredmedia":[{"embeddable":true,"href":"https:\/\/streetkicksco.com\/fr\/wp-json\/wp\/v2\/media\/3282"}],"wp:attachment":[{"href":"https:\/\/streetkicksco.com\/fr\/wp-json\/wp\/v2\/media?parent=3285"}],"wp:term":[{"taxonomy":"product_cat","embeddable":true,"href":"https:\/\/streetkicksco.com\/fr\/wp-json\/wp\/v2\/product_cat?post=3285"},{"taxonomy":"product_tag","embeddable":true,"href":"https:\/\/streetkicksco.com\/fr\/wp-json\/wp\/v2\/product_tag?post=3285"}],"curies":[{"name":"wp","href":"https:\/\/api.w.org\/{rel}","templated":true}]}}