{"id":3568,"date":"2025-02-23T07:31:37","date_gmt":"2025-02-23T07:31:37","guid":{"rendered":"https:\/\/streetkicksco.com\/producto\/air-jordan-1-low-og-sp-fragment-design-x-travis-scott\/"},"modified":"2026-03-11T15:29:38","modified_gmt":"2026-03-11T14:29:38","slug":"air-jordan-1-low-og-sp-fragment-design-x-travis-scott","status":"publish","type":"product","link":"https:\/\/streetkicksco.com\/fr\/shop\/air-jordan-1-low-og-sp-fragment-design-x-travis-scott\/","title":{"rendered":"AIR JORDAN 1 LOW OG SP FRAGMENT DESIGN X TRAVIS SCOTT"},"content":{"rendered":"<h4>Air Jordan 1 Low OG SP Fragment Design x Travis Scott<\/h4>\n<p>Las zapatillas de baloncesto\u00a0Air Jordan\u00a01 de\u00a0Michael Jordan\u00a0siguen siendo tan populares hoy como lo eran en 1985, aunque se las reconoce m\u00e1s como una zapatilla de estilo de vida que como un modelo de rendimiento en la cancha.\u00a0Despu\u00e9s de aparecer en innumerables combinaciones de colores y albergar colaboraciones de alto calor, los AJ1 ahora sirven como un lienzo en blanco para una colaboraci\u00f3n a tres bandas con el renombrado rapero estadounidense\u00a0Travis Scott\u00a0y el dise\u00f1o de fragmentos de Hiroshi Fujiwara.\u00a0Echamos un vistazo m\u00e1s de cerca al dise\u00f1o de\u00a0Travis Scott x fragment x Jordan 1 Low, as\u00ed que sigue leyendo mientras te contamos todo lo que necesitas saber.<\/p>\n<div class=\"spaced-list\">\n<div class=\"spaced-list__item spaced-list__item--large\">\n<div class=\"spaced-list\">\n<div class=\"spaced-list__item spaced-list__item--standard\">\n<p class=\"page-builder__paragraph page-builder__paragraph--show-variation\">Estos Jordan 1 de triple marca cuentan con un atuendo de cuero ca\u00eddo de primera calidad que adorna los paneles desde el tal\u00f3n hasta la punta, con blanco adornando las superposiciones de las paredes laterales y azul en las punteras perforadas y los segmentos traseros.\u00a0Por supuesto, este par no estar\u00eda completo sin los logotipos de Swoosh invertidos de Travis en la parte media del pie, as\u00ed como la marca Cactus Jack y el ic\u00f3nico motivo de rayo gemelo del dise\u00f1o de fragmentos grabado en los talones izquierdo y derecho en consecuencia.\u00a0Una entresuela de Air de largo completo te\u00f1ida en amarillo emite un ambiente vintage y consolida la tan codiciada colaboraci\u00f3n.<\/p>\n<\/div>\n<div class=\"spaced-list__item spaced-list__item--standard\">\n<p class=\"page-builder__paragraph page-builder__paragraph--show-variation\">El dise\u00f1o de Travis Scott x fragment x Air Jordan 1 Low sin duda tiene el estatus de grial para los coleccionistas de zapatillas de deporte ac\u00e9rrimos. Si no quiere perderse este y los \u00faltimos lanzamientos de ibuysneakers.com, a\u00f1adenos en tus marcadores, ya que seremos los primeros en notificarlo aqu\u00ed en ibuysneakers.<\/p>\n<\/div>\n<\/div>\n<\/div>\n<\/div>\n","protected":false},"excerpt":{"rendered":"<p>Air Jordan 1 Low OG SP Fragment Design x Travis Scott Las zapatillas de baloncesto\u00a0Air Jordan\u00a01 de\u00a0Michael Jordan\u00a0siguen&hellip;<\/p>\n","protected":false},"featured_media":7593,"template":"","meta":[],"product_cat":[90,53],"product_tag":[],"class_list":{"0":"post-3568","1":"product","2":"type-product","3":"status-publish","4":"has-post-thumbnail","6":"product_cat-air-jordan-1-low","7":"product_cat-calzado","8":"pa_talla-eu-39","9":"pa_talla-eu-40","10":"pa_talla-eu-41","11":"pa_talla-eu-42","12":"pa_talla-eu-43","13":"pa_talla-eu-44","14":"pa_talla-eu-45","15":"pa_talla-eu-46","16":"pa_talla-eu-47","17":"pa_talla-eu-48","19":"first","20":"instock","21":"sale","22":"shipping-taxable","23":"purchasable","24":"product-type-variable"},"_links":{"self":[{"href":"https:\/\/streetkicksco.com\/fr\/wp-json\/wp\/v2\/product\/3568","targetHints":{"allow":["GET"]}}],"collection":[{"href":"https:\/\/streetkicksco.com\/fr\/wp-json\/wp\/v2\/product"}],"about":[{"href":"https:\/\/streetkicksco.com\/fr\/wp-json\/wp\/v2\/types\/product"}],"version-history":[{"count":0,"href":"https:\/\/streetkicksco.com\/fr\/wp-json\/wp\/v2\/product\/3568\/revisions"}],"wp:featuredmedia":[{"embeddable":true,"href":"https:\/\/streetkicksco.com\/fr\/wp-json\/wp\/v2\/media\/7593"}],"wp:attachment":[{"href":"https:\/\/streetkicksco.com\/fr\/wp-json\/wp\/v2\/media?parent=3568"}],"wp:term":[{"taxonomy":"product_cat","embeddable":true,"href":"https:\/\/streetkicksco.com\/fr\/wp-json\/wp\/v2\/product_cat?post=3568"},{"taxonomy":"product_tag","embeddable":true,"href":"https:\/\/streetkicksco.com\/fr\/wp-json\/wp\/v2\/product_tag?post=3568"}],"curies":[{"name":"wp","href":"https:\/\/api.w.org\/{rel}","templated":true}]}}