{"id":3772,"date":"2025-02-23T08:25:55","date_gmt":"2025-02-23T08:25:55","guid":{"rendered":"https:\/\/streetkicksco.com\/producto\/nike-air-vapormax-plus-neon\/"},"modified":"2026-03-11T15:29:08","modified_gmt":"2026-03-11T14:29:08","slug":"nike-air-vapormax-plus-neon","status":"publish","type":"product","link":"https:\/\/streetkicksco.com\/fr\/shop\/nike-air-vapormax-plus-neon\/","title":{"rendered":"NIKE AIR VAPORMAX PLUS \u201cNEON\u201d"},"content":{"rendered":"<p>\u00a1Descubre las NIKE AIR VAPORMAX PLUS \u201cNEON\u201d! Estas sneakers fusionan lo retro con lo futurista. \u00bfQu\u00e9 ofrecen? 1) Ligereza excepcional. 2) Soporte \u00f3ptimo. 3) Un dise\u00f1o que roba miradas. Sus vibrantes tonos ne\u00f3n te aseguran ser el centro de atenci\u00f3n. Ideales para j\u00f3venes que marcan tendencia y buscan destacar. No te quedes atr\u00e1s\u2026 \u00a1a\u00f1\u00e1delas a tu colecci\u00f3n y transforma tu look! Atr\u00e9vete a ser diferente. Compra ahora y lleva tu estilo al siguiente nivel con las NIKE AIR VAPORMAX PLUS \u201cNEON\u201d.<\/p>\n","protected":false},"excerpt":{"rendered":"<p>\u00a1Descubre las NIKE AIR VAPORMAX PLUS \u201cNEON\u201d! Estas sneakers fusionan lo retro con lo futurista. \u00bfQu\u00e9 ofrecen? 1)&hellip;<\/p>\n","protected":false},"featured_media":3768,"template":"","meta":[],"product_cat":[53,60,460],"product_tag":[],"class_list":{"0":"post-3772","1":"product","2":"type-product","3":"status-publish","4":"has-post-thumbnail","6":"product_cat-calzado","7":"product_cat-nike","8":"product_cat-nike-vapormax","9":"pa_talla-eu-43","10":"pa_talla-eu-44","11":"pa_talla-eu-45","12":"pa_talla-eu-46","13":"pa_talla-eu-47","14":"pa_talla-eu-48","16":"first","17":"instock","18":"sale","19":"shipping-taxable","20":"purchasable","21":"product-type-variable"},"_links":{"self":[{"href":"https:\/\/streetkicksco.com\/fr\/wp-json\/wp\/v2\/product\/3772","targetHints":{"allow":["GET"]}}],"collection":[{"href":"https:\/\/streetkicksco.com\/fr\/wp-json\/wp\/v2\/product"}],"about":[{"href":"https:\/\/streetkicksco.com\/fr\/wp-json\/wp\/v2\/types\/product"}],"version-history":[{"count":0,"href":"https:\/\/streetkicksco.com\/fr\/wp-json\/wp\/v2\/product\/3772\/revisions"}],"wp:featuredmedia":[{"embeddable":true,"href":"https:\/\/streetkicksco.com\/fr\/wp-json\/wp\/v2\/media\/3768"}],"wp:attachment":[{"href":"https:\/\/streetkicksco.com\/fr\/wp-json\/wp\/v2\/media?parent=3772"}],"wp:term":[{"taxonomy":"product_cat","embeddable":true,"href":"https:\/\/streetkicksco.com\/fr\/wp-json\/wp\/v2\/product_cat?post=3772"},{"taxonomy":"product_tag","embeddable":true,"href":"https:\/\/streetkicksco.com\/fr\/wp-json\/wp\/v2\/product_tag?post=3772"}],"curies":[{"name":"wp","href":"https:\/\/api.w.org\/{rel}","templated":true}]}}