{"id":4051,"date":"2025-02-23T09:45:23","date_gmt":"2025-02-23T09:45:23","guid":{"rendered":"https:\/\/streetkicksco.com\/producto\/yeezy-350-v2-static-non-reflective\/"},"modified":"2026-03-27T07:47:53","modified_gmt":"2026-03-27T06:47:53","slug":"yeezy-350-v2-static-non-reflective","status":"publish","type":"product","link":"https:\/\/streetkicksco.com\/fr\/shop\/yeezy-350-v2-static-non-reflective\/","title":{"rendered":"Yeezy 350 v2 STATIC NON REFLECTIVE"},"content":{"rendered":"<p>Descubre las Yeezy 350 v2 STATIC NON REFLECTIVE, la elecci\u00f3n perfecta para los entusiastas de las sneakers. Con su parte superior de adidas Primeknit, estas zapatillas garantizan un ajuste personalizado y ventilaci\u00f3n estrat\u00e9gica. Corre con libertad gracias a la tecnolog\u00eda Boost: cuanto m\u00e1s inviertes, m\u00e1s energ\u00eda obtienes. La mediasuela din\u00e1mica y suela flexible aseguran un impulso sin igual y transiciones suaves. No te quedes sin ellas&#8230; \u00a1Lleva tu estilo y rendimiento al siguiente nivel! Perfectas para destacar en cada paso, estas Yeezy son una inversi\u00f3n en comodidad y moda. \u00bfListo para revolucionar tu colecci\u00f3n?<\/p>\n","protected":false},"excerpt":{"rendered":"<p>Descubre las Yeezy 350 v2 STATIC NON REFLECTIVE, la elecci\u00f3n perfecta para los entusiastas de las sneakers. Con&hellip;<\/p>\n","protected":false},"featured_media":4047,"template":"","meta":[],"product_cat":[35,466,53],"product_tag":[],"class_list":{"0":"post-4051","1":"product","2":"type-product","3":"status-publish","4":"has-post-thumbnail","6":"product_cat-adidas","7":"product_cat-adidas-yeezy-350-350-v2","8":"product_cat-calzado","10":"first","11":"instock","12":"sale","13":"shipping-taxable","14":"purchasable","15":"product-type-variable"},"_links":{"self":[{"href":"https:\/\/streetkicksco.com\/fr\/wp-json\/wp\/v2\/product\/4051","targetHints":{"allow":["GET"]}}],"collection":[{"href":"https:\/\/streetkicksco.com\/fr\/wp-json\/wp\/v2\/product"}],"about":[{"href":"https:\/\/streetkicksco.com\/fr\/wp-json\/wp\/v2\/types\/product"}],"version-history":[{"count":0,"href":"https:\/\/streetkicksco.com\/fr\/wp-json\/wp\/v2\/product\/4051\/revisions"}],"wp:featuredmedia":[{"embeddable":true,"href":"https:\/\/streetkicksco.com\/fr\/wp-json\/wp\/v2\/media\/4047"}],"wp:attachment":[{"href":"https:\/\/streetkicksco.com\/fr\/wp-json\/wp\/v2\/media?parent=4051"}],"wp:term":[{"taxonomy":"product_cat","embeddable":true,"href":"https:\/\/streetkicksco.com\/fr\/wp-json\/wp\/v2\/product_cat?post=4051"},{"taxonomy":"product_tag","embeddable":true,"href":"https:\/\/streetkicksco.com\/fr\/wp-json\/wp\/v2\/product_tag?post=4051"}],"curies":[{"name":"wp","href":"https:\/\/api.w.org\/{rel}","templated":true}]}}