{"id":4993,"date":"2025-03-05T09:57:19","date_gmt":"2025-03-05T09:57:19","guid":{"rendered":"https:\/\/streetkicksco.com\/producto\/nike-sb-dunk-low-x-travis-scott\/"},"modified":"2026-03-11T17:43:40","modified_gmt":"2026-03-11T16:43:40","slug":"nike-sb-dunk-low-x-travis-scott","status":"publish","type":"product","link":"https:\/\/streetkicksco.com\/fr\/shop\/nike-sb-dunk-low-x-travis-scott\/","title":{"rendered":"SB DNK Low Travis Scott"},"content":{"rendered":"<p>\u00a1Atr\u00e9vete con los SB DNK Low Travis Scott! Esta edici\u00f3n limitada es esencial para los verdaderos sneakerheads. Inspirados en Travis Scott, combinan estilo urbano y comodidad incomparable. Fabricados con materiales premium, garantizan durabilidad y un dise\u00f1o \u00fanico. Su audaz paleta de colores y exclusivos patrones te har\u00e1n destacar&#8230; donde sea. No dejes pasar la oportunidad de a\u00f1adir este \u00edcono a tu colecci\u00f3n. Eleva tu estilo. Impacta a tus amigos. Asegura tu par antes de que desaparezcan. Expr\u00e9sate con cada paso&#8230; \u00a1Compra ahora y marca tendencia!<\/p>\n","protected":false},"excerpt":{"rendered":"<p>\u00a1Atr\u00e9vete con los SB DNK Low Travis Scott! Esta edici\u00f3n limitada es esencial para los verdaderos sneakerheads. Inspirados&hellip;<\/p>\n","protected":false},"featured_media":4987,"template":"","meta":[],"product_cat":[53,60,61,227,430],"product_tag":[],"class_list":{"0":"post-4993","1":"product","2":"type-product","3":"status-publish","4":"has-post-thumbnail","6":"product_cat-calzado","7":"product_cat-nike","8":"product_cat-dunk-sb","9":"product_cat-nike-sb-dunk","10":"product_cat-nike-x-travis-scott","12":"first","13":"instock","14":"sale","15":"shipping-taxable","16":"purchasable","17":"product-type-variable"},"_links":{"self":[{"href":"https:\/\/streetkicksco.com\/fr\/wp-json\/wp\/v2\/product\/4993","targetHints":{"allow":["GET"]}}],"collection":[{"href":"https:\/\/streetkicksco.com\/fr\/wp-json\/wp\/v2\/product"}],"about":[{"href":"https:\/\/streetkicksco.com\/fr\/wp-json\/wp\/v2\/types\/product"}],"version-history":[{"count":1,"href":"https:\/\/streetkicksco.com\/fr\/wp-json\/wp\/v2\/product\/4993\/revisions"}],"predecessor-version":[{"id":25956,"href":"https:\/\/streetkicksco.com\/fr\/wp-json\/wp\/v2\/product\/4993\/revisions\/25956"}],"wp:featuredmedia":[{"embeddable":true,"href":"https:\/\/streetkicksco.com\/fr\/wp-json\/wp\/v2\/media\/4987"}],"wp:attachment":[{"href":"https:\/\/streetkicksco.com\/fr\/wp-json\/wp\/v2\/media?parent=4993"}],"wp:term":[{"taxonomy":"product_cat","embeddable":true,"href":"https:\/\/streetkicksco.com\/fr\/wp-json\/wp\/v2\/product_cat?post=4993"},{"taxonomy":"product_tag","embeddable":true,"href":"https:\/\/streetkicksco.com\/fr\/wp-json\/wp\/v2\/product_tag?post=4993"}],"curies":[{"name":"wp","href":"https:\/\/api.w.org\/{rel}","templated":true}]}}