{"id":5303,"date":"2025-03-10T22:49:14","date_gmt":"2025-03-10T22:49:14","guid":{"rendered":"https:\/\/streetkicksco.com\/producto\/adidas-samba-wales-bonner-plata\/"},"modified":"2026-03-11T15:27:50","modified_gmt":"2026-03-11T14:27:50","slug":"adidas-samba-wales-bonner-plata","status":"publish","type":"product","link":"https:\/\/streetkicksco.com\/fr\/shop\/adidas-samba-wales-bonner-plata\/","title":{"rendered":"adidas samba wales bonner silver"},"content":{"rendered":"<p>Con un lanzamiento muy esperado en 2023, Wales Bonner y Adidas vuelven a unir fuerzas. El co-branding se luce en el lateral con un tono crema que se integra perfectamente al dise\u00f1o. La versi\u00f3n &lsquo;Silver&rsquo; reinventa el estilo Samba con un acabado en cuero plateado brillante y 3-Stripes de estilo tejido para un toque \u00fanico. La suela de goma marr\u00f3n oscuro crea un contraste llamativo, mientras que los tonos beige en el tal\u00f3n y los cordones mantienen la esencia de la paleta caracter\u00edstica de Wales Bonner.<\/p>\n","protected":false},"excerpt":{"rendered":"<p>Con un lanzamiento muy esperado en 2023, Wales Bonner y Adidas vuelven a unir fuerzas. El co-branding se&hellip;<\/p>\n","protected":false},"featured_media":5300,"template":"","meta":[],"product_cat":[35,49,53],"product_tag":[50],"class_list":{"0":"post-5303","1":"product","2":"type-product","3":"status-publish","4":"has-post-thumbnail","6":"product_cat-adidas","7":"product_cat-adidas-samba","8":"product_cat-calzado","9":"product_tag-adidas-samba-og-black-leopard","11":"first","12":"instock","13":"sale","14":"shipping-taxable","15":"purchasable","16":"product-type-variable","17":"has-default-attributes"},"_links":{"self":[{"href":"https:\/\/streetkicksco.com\/fr\/wp-json\/wp\/v2\/product\/5303","targetHints":{"allow":["GET"]}}],"collection":[{"href":"https:\/\/streetkicksco.com\/fr\/wp-json\/wp\/v2\/product"}],"about":[{"href":"https:\/\/streetkicksco.com\/fr\/wp-json\/wp\/v2\/types\/product"}],"version-history":[{"count":0,"href":"https:\/\/streetkicksco.com\/fr\/wp-json\/wp\/v2\/product\/5303\/revisions"}],"wp:featuredmedia":[{"embeddable":true,"href":"https:\/\/streetkicksco.com\/fr\/wp-json\/wp\/v2\/media\/5300"}],"wp:attachment":[{"href":"https:\/\/streetkicksco.com\/fr\/wp-json\/wp\/v2\/media?parent=5303"}],"wp:term":[{"taxonomy":"product_cat","embeddable":true,"href":"https:\/\/streetkicksco.com\/fr\/wp-json\/wp\/v2\/product_cat?post=5303"},{"taxonomy":"product_tag","embeddable":true,"href":"https:\/\/streetkicksco.com\/fr\/wp-json\/wp\/v2\/product_tag?post=5303"}],"curies":[{"name":"wp","href":"https:\/\/api.w.org\/{rel}","templated":true}]}}