{"id":565,"date":"2025-02-22T21:05:28","date_gmt":"2025-02-22T21:05:28","guid":{"rendered":"https:\/\/streetkicksco.com\/producto\/adidas-handball-spezial-green-pink\/"},"modified":"2026-03-11T15:34:56","modified_gmt":"2026-03-11T14:34:56","slug":"adidas-handball-spezial-green-pink","status":"publish","type":"product","link":"https:\/\/streetkicksco.com\/fr\/shop\/adidas-handball-spezial-green-pink\/","title":{"rendered":"Adidas Handball Spezial Green Pink"},"content":{"rendered":"<p>Adidas Handball Spezial W<br \/>\nOriginalmente dise\u00f1ada para deportes de interior, la Handball Spezial ahora trae un toque vintage a las calles actuales. El suave terciopelo envuelve tu pie proporcionando una sensaci\u00f3n lujosa, mientras que los detalles en ante a\u00f1aden durabilidad y profundidad. La suela de goma natural de perfil bajo ofrece un agarre confiable en cualquier tipo de superficie, ya sea en la acera o en el centro comercial. Esta zapatilla, inspirada en los archivos de adidas, mantiene el pulso de las tendencias actuales. Perfecta para creadores de streetwear que conf\u00edan en su propia visi\u00f3n. Esta sneaker vintage con vibra casual es adem\u00e1s s\u00faper c\u00f3moda y combina perfectamente con jeans, joggers o una falda l\u00e1piz ajustada.<\/p>\n","protected":false},"excerpt":{"rendered":"<p>Adidas Handball Spezial W Originalmente dise\u00f1ada para deportes de interior, la Handball Spezial ahora trae un toque vintage&hellip;<\/p>\n","protected":false},"featured_media":560,"template":"","meta":[],"product_cat":[35,36,53,37],"product_tag":[38],"class_list":{"0":"post-565","1":"product","2":"type-product","3":"status-publish","4":"has-post-thumbnail","6":"product_cat-adidas","7":"product_cat-adidas-handball-spezial","8":"product_cat-calzado","9":"product_cat-accessories","10":"product_tag-adidas-handball-spezial-green-pink","11":"pa_talla-eu-39","12":"pa_talla-eu-40","13":"pa_talla-eu-41","14":"pa_talla-eu-42","15":"pa_talla-eu-43","16":"pa_talla-eu-44","17":"pa_talla-eu-45","18":"pa_talla-eu-46","19":"pa_talla-eu-47","20":"pa_talla-eu-48","22":"first","23":"instock","24":"sale","25":"shipping-taxable","26":"purchasable","27":"product-type-variable"},"_links":{"self":[{"href":"https:\/\/streetkicksco.com\/fr\/wp-json\/wp\/v2\/product\/565","targetHints":{"allow":["GET"]}}],"collection":[{"href":"https:\/\/streetkicksco.com\/fr\/wp-json\/wp\/v2\/product"}],"about":[{"href":"https:\/\/streetkicksco.com\/fr\/wp-json\/wp\/v2\/types\/product"}],"version-history":[{"count":0,"href":"https:\/\/streetkicksco.com\/fr\/wp-json\/wp\/v2\/product\/565\/revisions"}],"wp:featuredmedia":[{"embeddable":true,"href":"https:\/\/streetkicksco.com\/fr\/wp-json\/wp\/v2\/media\/560"}],"wp:attachment":[{"href":"https:\/\/streetkicksco.com\/fr\/wp-json\/wp\/v2\/media?parent=565"}],"wp:term":[{"taxonomy":"product_cat","embeddable":true,"href":"https:\/\/streetkicksco.com\/fr\/wp-json\/wp\/v2\/product_cat?post=565"},{"taxonomy":"product_tag","embeddable":true,"href":"https:\/\/streetkicksco.com\/fr\/wp-json\/wp\/v2\/product_tag?post=565"}],"curies":[{"name":"wp","href":"https:\/\/api.w.org\/{rel}","templated":true}]}}