{"id":1049,"date":"2025-02-22T22:34:03","date_gmt":"2025-02-22T21:34:03","guid":{"rendered":"https:\/\/streetkicksco.com\/producto\/jordan-4-retro-se-paris-olympics-wet-cement\/"},"modified":"2026-03-27T08:03:29","modified_gmt":"2026-03-27T07:03:29","slug":"nigel-sylvester-x-air-jordan-4-og-ladrillo-a-ladrillo","status":"publish","type":"product","link":"https:\/\/streetkicksco.com\/it\/shop\/nigel-sylvester-x-air-jordan-4-og-ladrillo-a-ladrillo\/","title":{"rendered":"Nigel Sylvester x Air Jordan 4 OG"},"content":{"rendered":"<p>Nigel Sylvester revoluciona las Air Jordan 4 con su visi\u00f3n &#8220;Brick By Brick&#8221;, fusionando el mundo BMX con la cultura sneaker. Dominada por una vibrante gamuza escarlata, esta colaboraci\u00f3n representa la determinaci\u00f3n que llev\u00f3 a Sylvester desde circuitos callejeros hasta el olimpo del streetwear. Los elementos distintivos incluyen un discreto Swoosh frontal, componentes con acabado artesanal y el emblem\u00e1tico logo Nike Air en blanco sobre el tal\u00f3n, creando un puente entre tradici\u00f3n e innovaci\u00f3n. Una entresuela crema complementa la legendaria tecnolog\u00eda Air, convirtiendo este lanzamiento en objeto de deseo tanto para coleccionistas como para seguidores de la escena BMX.<\/p>\n","protected":false},"excerpt":{"rendered":"<p>Nigel Sylvester revoluciona las Air Jordan 4 con su visi\u00f3n &#8220;Brick By Brick&#8221;, fusionando el mundo BMX con&hellip;<\/p>\n","protected":false},"featured_media":5841,"template":"","meta":[],"product_cat":[88,92,53],"product_tag":[93,94,95,526,98],"class_list":{"0":"post-1049","1":"product","2":"type-product","3":"status-publish","4":"has-post-thumbnail","6":"product_cat-jordan","7":"product_cat-air-jordan-4","8":"product_cat-calzado","9":"product_tag-air-sole","10":"product_tag-edicion-limitada","11":"product_tag-jordan-4","12":"product_tag-nigel-sylvester-x-air-jordan-4-og-ladrillo-a-ladrillo","13":"product_tag-zapatillas-de-baloncesto","15":"first","16":"instock","17":"sale","18":"shipping-taxable","19":"purchasable","20":"product-type-variable"},"_links":{"self":[{"href":"https:\/\/streetkicksco.com\/it\/wp-json\/wp\/v2\/product\/1049","targetHints":{"allow":["GET"]}}],"collection":[{"href":"https:\/\/streetkicksco.com\/it\/wp-json\/wp\/v2\/product"}],"about":[{"href":"https:\/\/streetkicksco.com\/it\/wp-json\/wp\/v2\/types\/product"}],"version-history":[{"count":0,"href":"https:\/\/streetkicksco.com\/it\/wp-json\/wp\/v2\/product\/1049\/revisions"}],"wp:featuredmedia":[{"embeddable":true,"href":"https:\/\/streetkicksco.com\/it\/wp-json\/wp\/v2\/media\/5841"}],"wp:attachment":[{"href":"https:\/\/streetkicksco.com\/it\/wp-json\/wp\/v2\/media?parent=1049"}],"wp:term":[{"taxonomy":"product_cat","embeddable":true,"href":"https:\/\/streetkicksco.com\/it\/wp-json\/wp\/v2\/product_cat?post=1049"},{"taxonomy":"product_tag","embeddable":true,"href":"https:\/\/streetkicksco.com\/it\/wp-json\/wp\/v2\/product_tag?post=1049"}],"curies":[{"name":"wp","href":"https:\/\/api.w.org\/{rel}","templated":true}]}}