{"id":13797,"date":"2025-07-18T09:50:25","date_gmt":"2025-07-18T07:50:25","guid":{"rendered":"https:\/\/streetkicksco.com\/?post_type=product&#038;p=13797"},"modified":"2026-03-11T14:43:44","modified_gmt":"2026-03-11T13:43:44","slug":"asics-gel-kayano-14-infinite-wonders-pack-posy-green","status":"publish","type":"product","link":"https:\/\/streetkicksco.com\/it\/shop\/asics-gel-kayano-14-infinite-wonders-pack-posy-green\/","title":{"rendered":"Asics Gel Kayano 14 Infinite Wonders Pack Posy Green"},"content":{"rendered":"<p>Descubre las ic\u00f3nicas zapatillas Asics Gel Kayano 14 Infinite Wonders Pack Posy Green. dise\u00f1adas para ofrecer confort durante todo el d\u00eda, ideales para quienes buscan estilo urbano con materiales de calidad.<\/p>\n","protected":false},"excerpt":{"rendered":"<p>Descubre las ic\u00f3nicas zapatillas Asics Gel Kayano 14 Infinite Wonders Pack Posy Green. dise\u00f1adas para ofrecer confort durante&hellip;<\/p>\n","protected":false},"featured_media":13817,"template":"","meta":[],"product_cat":[803],"product_tag":[953,961,972,366,960,996,977,998,999,372,946,997,327],"class_list":{"0":"post-13797","1":"product","2":"type-product","3":"status-publish","4":"has-post-thumbnail","6":"product_cat-asics","7":"product_tag-953","8":"product_tag-asics","9":"product_tag-gel","10":"product_tag-green","11":"product_tag-hype","12":"product_tag-infinite","13":"product_tag-kayano","14":"product_tag-pack","15":"product_tag-posy","16":"product_tag-sneakers","17":"product_tag-streetwear","18":"product_tag-wonders","19":"product_tag-zapatillas","21":"first","22":"instock","23":"sale","24":"shipping-taxable","25":"purchasable","26":"product-type-variable"},"_links":{"self":[{"href":"https:\/\/streetkicksco.com\/it\/wp-json\/wp\/v2\/product\/13797","targetHints":{"allow":["GET"]}}],"collection":[{"href":"https:\/\/streetkicksco.com\/it\/wp-json\/wp\/v2\/product"}],"about":[{"href":"https:\/\/streetkicksco.com\/it\/wp-json\/wp\/v2\/types\/product"}],"version-history":[{"count":0,"href":"https:\/\/streetkicksco.com\/it\/wp-json\/wp\/v2\/product\/13797\/revisions"}],"wp:featuredmedia":[{"embeddable":true,"href":"https:\/\/streetkicksco.com\/it\/wp-json\/wp\/v2\/media\/13817"}],"wp:attachment":[{"href":"https:\/\/streetkicksco.com\/it\/wp-json\/wp\/v2\/media?parent=13797"}],"wp:term":[{"taxonomy":"product_cat","embeddable":true,"href":"https:\/\/streetkicksco.com\/it\/wp-json\/wp\/v2\/product_cat?post=13797"},{"taxonomy":"product_tag","embeddable":true,"href":"https:\/\/streetkicksco.com\/it\/wp-json\/wp\/v2\/product_tag?post=13797"}],"curies":[{"name":"wp","href":"https:\/\/api.w.org\/{rel}","templated":true}]}}