{"id":1421,"date":"2025-02-22T21:47:40","date_gmt":"2025-02-22T21:47:40","guid":{"rendered":"https:\/\/streetkicksco.com\/producto\/adidas-gazelle-bold-bliss-pink-spark-bliss-pink\/"},"modified":"2026-03-11T15:33:14","modified_gmt":"2026-03-11T14:33:14","slug":"adidas-gazelle-bold-bliss-pink-spark-bliss-pink","status":"publish","type":"product","link":"https:\/\/streetkicksco.com\/it\/shop\/adidas-gazelle-bold-bliss-pink-spark-bliss-pink\/","title":{"rendered":"ADIDAS GAZELLE BOLD BLISS PINK SPARK BLISS PINK"},"content":{"rendered":"<p>Descubre el estilo urbano con las ADIDAS GAZELLE BOLD BLISS PINK SPARK BLISS PINK. Estas sneakers fusionan la herencia cl\u00e1sica de Adidas con un vibrante rosa&#8230; Comodidad suprema gracias a su suela acolchada. Materiales de alta calidad. Perfectas para cualquier look casual o para a\u00f1adir color a tu outfit diario. Marca tendencia. Expresa tu personalidad \u00fanica. \u00a1No te quedes sin ellas! Haz clic y asegura las tuyas ahora&#8230; antes de que se agoten. Atr\u00e9vete a destacar en cada paso. Tu estilo, tu elecci\u00f3n&#8230; Consigue las tuyas y transforma tu colecci\u00f3n de sneakers hoy.<\/p>\n","protected":false},"excerpt":{"rendered":"<p>Descubre el estilo urbano con las ADIDAS GAZELLE BOLD BLISS PINK SPARK BLISS PINK. Estas sneakers fusionan la&hellip;<\/p>\n","protected":false},"featured_media":1420,"template":"","meta":[],"product_cat":[35,65,53,37],"product_tag":[123],"class_list":{"0":"post-1421","1":"product","2":"type-product","3":"status-publish","4":"has-post-thumbnail","6":"product_cat-adidas","7":"product_cat-adidas-gazelle","8":"product_cat-calzado","9":"product_cat-accessories","10":"product_tag-adidas-gazelle-bold-bliss-pink-spark-bliss-pink","11":"pa_talla-eu-56","12":"pa_talla-eu-39","13":"pa_talla-eu-40","14":"pa_talla-eu-41","15":"pa_talla-eu-42","16":"pa_talla-eu-43","17":"pa_talla-eu-44","18":"pa_talla-eu-45","20":"first","21":"instock","22":"sale","23":"shipping-taxable","24":"purchasable","25":"product-type-variable"},"_links":{"self":[{"href":"https:\/\/streetkicksco.com\/it\/wp-json\/wp\/v2\/product\/1421","targetHints":{"allow":["GET"]}}],"collection":[{"href":"https:\/\/streetkicksco.com\/it\/wp-json\/wp\/v2\/product"}],"about":[{"href":"https:\/\/streetkicksco.com\/it\/wp-json\/wp\/v2\/types\/product"}],"version-history":[{"count":0,"href":"https:\/\/streetkicksco.com\/it\/wp-json\/wp\/v2\/product\/1421\/revisions"}],"wp:featuredmedia":[{"embeddable":true,"href":"https:\/\/streetkicksco.com\/it\/wp-json\/wp\/v2\/media\/1420"}],"wp:attachment":[{"href":"https:\/\/streetkicksco.com\/it\/wp-json\/wp\/v2\/media?parent=1421"}],"wp:term":[{"taxonomy":"product_cat","embeddable":true,"href":"https:\/\/streetkicksco.com\/it\/wp-json\/wp\/v2\/product_cat?post=1421"},{"taxonomy":"product_tag","embeddable":true,"href":"https:\/\/streetkicksco.com\/it\/wp-json\/wp\/v2\/product_tag?post=1421"}],"curies":[{"name":"wp","href":"https:\/\/api.w.org\/{rel}","templated":true}]}}