{"id":15270,"date":"2025-07-26T11:53:56","date_gmt":"2025-07-26T09:53:56","guid":{"rendered":"https:\/\/streetkicksco.com\/?post_type=product&#038;p=15270"},"modified":"2026-03-11T15:25:08","modified_gmt":"2026-03-11T14:25:08","slug":"adidas-handball-spezial-3","status":"publish","type":"product","link":"https:\/\/streetkicksco.com\/it\/shop\/adidas-handball-spezial-3\/","title":{"rendered":"adidas Handball Spezial"},"content":{"rendered":"<p>Dise\u00f1adas originalmente en 1979 para jugadores de balonmano de alto nivel, las Handball Spezial se han convertido en un icono mundial del estilo urbano. Este modelo presenta una parte superior de ante de alta calidad que se adapta c\u00f3modamente al pie, combinada con una suela de goma que garantiza tracci\u00f3n y estabilidad. Las inconfundibles 3 bandas y el refuerzo trasero aportan ese toque cl\u00e1sico que nunca pasa de moda.<\/p>\n","protected":false},"excerpt":{"rendered":"<p>Dise\u00f1adas originalmente en 1979 para jugadores de balonmano de alto nivel, las Handball Spezial se han convertido en&hellip;<\/p>\n","protected":false},"featured_media":15284,"template":"","meta":[],"product_cat":[35,36,53,37],"product_tag":[110],"class_list":{"0":"post-15270","1":"product","2":"type-product","3":"status-publish","4":"has-post-thumbnail","6":"product_cat-adidas","7":"product_cat-adidas-handball-spezial","8":"product_cat-calzado","9":"product_cat-accessories","10":"product_tag-adidas-handball-spezial-earth-brown-strata-offwhite-gum","11":"pa_talla-eu-39","12":"pa_talla-eu-40","13":"pa_talla-eu-41","14":"pa_talla-eu-42","15":"pa_talla-eu-43","16":"pa_talla-eu-44","17":"pa_talla-eu-45","18":"pa_talla-eu-46","19":"pa_talla-eu-47","21":"first","22":"instock","23":"sale","24":"shipping-taxable","25":"purchasable","26":"product-type-variable"},"_links":{"self":[{"href":"https:\/\/streetkicksco.com\/it\/wp-json\/wp\/v2\/product\/15270","targetHints":{"allow":["GET"]}}],"collection":[{"href":"https:\/\/streetkicksco.com\/it\/wp-json\/wp\/v2\/product"}],"about":[{"href":"https:\/\/streetkicksco.com\/it\/wp-json\/wp\/v2\/types\/product"}],"version-history":[{"count":0,"href":"https:\/\/streetkicksco.com\/it\/wp-json\/wp\/v2\/product\/15270\/revisions"}],"wp:featuredmedia":[{"embeddable":true,"href":"https:\/\/streetkicksco.com\/it\/wp-json\/wp\/v2\/media\/15284"}],"wp:attachment":[{"href":"https:\/\/streetkicksco.com\/it\/wp-json\/wp\/v2\/media?parent=15270"}],"wp:term":[{"taxonomy":"product_cat","embeddable":true,"href":"https:\/\/streetkicksco.com\/it\/wp-json\/wp\/v2\/product_cat?post=15270"},{"taxonomy":"product_tag","embeddable":true,"href":"https:\/\/streetkicksco.com\/it\/wp-json\/wp\/v2\/product_tag?post=15270"}],"curies":[{"name":"wp","href":"https:\/\/api.w.org\/{rel}","templated":true}]}}