{"id":1560,"date":"2025-02-22T23:23:28","date_gmt":"2025-02-22T23:23:28","guid":{"rendered":"https:\/\/streetkicksco.com\/producto\/adidas-x-bad-bunny-gazelle-indoor-core-white\/"},"modified":"2026-03-11T15:32:54","modified_gmt":"2026-03-11T14:32:54","slug":"adidas-x-bad-bunny-gazelle-indoor-core-white","status":"publish","type":"product","link":"https:\/\/streetkicksco.com\/it\/shop\/adidas-x-bad-bunny-gazelle-indoor-core-white\/","title":{"rendered":"adidas x Bad Bunny Gazelle Indoor &#8216;Core White&#8217;"},"content":{"rendered":"<p>Explora las adidas x Bad Bunny Gazelle Indoor &#8216;Core White&#8217;, donde el estilo se encuentra con la comodidad. Estas sneakers, en un elegante blanco puro, incorporan detalles urbanos que reflejan la esencia de Bad Bunny. Perfectas para j\u00f3venes amantes de la moda y la funcionalidad. Confeccionadas para perdurar, son ideales para cualquier ocasi\u00f3n. A\u00f1ade exclusividad a tu colecci\u00f3n y destaca en cada paso. No dejes pasar esta oportunidad&#8230; \u00a1Compra ahora y lleva tu estilo al siguiente nivel!<\/p>\n","protected":false},"excerpt":{"rendered":"<p>Explora las adidas x Bad Bunny Gazelle Indoor &#8216;Core White&#8217;, donde el estilo se encuentra con la comodidad.&hellip;<\/p>\n","protected":false},"featured_media":5002,"template":"","meta":[],"product_cat":[35,65,53,37,121],"product_tag":[131],"class_list":{"0":"post-1560","1":"product","2":"type-product","3":"status-publish","4":"has-post-thumbnail","6":"product_cat-adidas","7":"product_cat-adidas-gazelle","8":"product_cat-calzado","9":"product_cat-accessories","10":"product_cat-x-bad-bunny","11":"product_tag-adidas-x-bad-bunny-gazelle-indoor-core-white","12":"pa_talla-eu-56","13":"pa_talla-eu-39","14":"pa_talla-eu-40","15":"pa_talla-eu-41","16":"pa_talla-eu-42","17":"pa_talla-eu-43","18":"pa_talla-eu-44","19":"pa_talla-eu-45","21":"first","22":"instock","23":"sale","24":"shipping-taxable","25":"purchasable","26":"product-type-variable"},"_links":{"self":[{"href":"https:\/\/streetkicksco.com\/it\/wp-json\/wp\/v2\/product\/1560","targetHints":{"allow":["GET"]}}],"collection":[{"href":"https:\/\/streetkicksco.com\/it\/wp-json\/wp\/v2\/product"}],"about":[{"href":"https:\/\/streetkicksco.com\/it\/wp-json\/wp\/v2\/types\/product"}],"version-history":[{"count":0,"href":"https:\/\/streetkicksco.com\/it\/wp-json\/wp\/v2\/product\/1560\/revisions"}],"wp:featuredmedia":[{"embeddable":true,"href":"https:\/\/streetkicksco.com\/it\/wp-json\/wp\/v2\/media\/5002"}],"wp:attachment":[{"href":"https:\/\/streetkicksco.com\/it\/wp-json\/wp\/v2\/media?parent=1560"}],"wp:term":[{"taxonomy":"product_cat","embeddable":true,"href":"https:\/\/streetkicksco.com\/it\/wp-json\/wp\/v2\/product_cat?post=1560"},{"taxonomy":"product_tag","embeddable":true,"href":"https:\/\/streetkicksco.com\/it\/wp-json\/wp\/v2\/product_tag?post=1560"}],"curies":[{"name":"wp","href":"https:\/\/api.w.org\/{rel}","templated":true}]}}